{"id":220455,"date":"2020-07-20T14:35:32","date_gmt":"2020-07-20T12:35:32","guid":{"rendered":"https:\/\/camping-les-monts-d-albi.com\/qui-sommes-nous-2\/"},"modified":"2020-07-20T14:35:35","modified_gmt":"2020-07-20T12:35:35","slug":"qui-sommes-nous-2","status":"publish","type":"page","link":"https:\/\/camping-les-monts-d-albi.com\/nl\/qui-sommes-nous-2\/","title":{"rendered":"Qui sommes nous"},"content":{"rendered":"<p>[et_pb_section fb_built=&#8221;1&#8243; custom_padding_last_edited=&#8221;on|desktop&#8221; admin_label=&#8221;Header&#8221; _builder_version=&#8221;4.3.2&#8243; background_color=&#8221;#1c8c99&#8243; background_image=&#8221;https:\/\/camping-les-monts-d-albi.com\/wp-content\/uploads\/2020\/02\/sight-seeing-49.png&#8221; background_position=&#8221;bottom_center&#8221; custom_padding=&#8221;||132px|||&#8221; custom_padding_tablet=&#8221;0px||5vw&#8221; custom_padding_phone=&#8221;&#8221; box_shadow_vertical_tablet=&#8221;&#8221; box_shadow_vertical_phone=&#8221;&#8221; box_shadow_vertical_last_edited=&#8221;on|tablet&#8221; locked=&#8221;off&#8221;][et_pb_row _builder_version=&#8221;3.25&#8243; module_alignment=&#8221;center&#8221; locked=&#8221;off&#8221;][et_pb_column type=&#8221;4_4&#8243; _builder_version=&#8221;3.25&#8243; custom_padding=&#8221;|||&#8221; custom_padding__hover=&#8221;|||&#8221;][et_pb_text _builder_version=&#8221;4.3.2&#8243; text_font=&#8221;Lato||||||||&#8221; text_font_size=&#8221;22px&#8221; text_line_height=&#8221;1.8em&#8221; header_font=&#8221;Caveat brush|700|||||||&#8221; header_font_size=&#8221;55px&#8221; header_letter_spacing=&#8221;1px&#8221; header_line_height=&#8221;1.2em&#8221; background_layout=&#8221;dark&#8221; custom_margin=&#8221;||17px|||&#8221; text_font_size_tablet=&#8221;&#8221; text_font_size_phone=&#8221;18px&#8221; text_font_size_last_edited=&#8221;on|phone&#8221; header_font_size_tablet=&#8221;40px&#8221; header_font_size_phone=&#8221;30px&#8221; header_font_size_last_edited=&#8221;on|phone&#8221;]<\/p>\n<h1 class=\"page-title entry-title\">Qui sommes nous ?<\/h1>\n<p>[\/et_pb_text][et_pb_divider color=&#8221;#ffffff&#8221; divider_weight=&#8221;5px&#8221; _builder_version=&#8221;4.3.2&#8243; max_width=&#8221;100px&#8221; locked=&#8221;off&#8221;][\/et_pb_divider][\/et_pb_column][\/et_pb_row][\/et_pb_section][et_pb_section fb_built=&#8221;1&#8243; admin_label=&#8221;Events&#8221; _builder_version=&#8221;3.24&#8243; custom_padding=&#8221;5px||0px|||&#8221;][et_pb_row _builder_version=&#8221;4.3.2&#8243; custom_padding=&#8221;7px|||||&#8221;][et_pb_column type=&#8221;4_4&#8243; _builder_version=&#8221;4.3.2&#8243;][et_pb_text _builder_version=&#8221;4.3.2&#8243; header_6_text_color=&#8221;#78bd75&#8243; header_6_font_size=&#8221;12px&#8221; custom_padding=&#8221;3px||1px|||&#8221;]<\/p>\n<div class=\"breadcrumb breadcrumbs\">\n<h6 class=\"breadcrumb-trail\"><span>Camping Les Monts d&#8217;Albi &#8211; Teillet &#8211; Tarn.<\/span><\/h6>\n<\/div>\n<p>[\/et_pb_text][\/et_pb_column][\/et_pb_row][et_pb_row column_structure=&#8221;1_3,1_3,1_3&#8243; _builder_version=&#8221;4.3.2&#8243;][et_pb_column type=&#8221;1_3&#8243; _builder_version=&#8221;4.3.2&#8243;][et_pb_text _builder_version=&#8221;4.3.2&#8243; header_2_font=&#8221;Poppins||||||||&#8221; header_2_text_color=&#8221;#1c8c99&#8243; header_2_font_size=&#8221;16px&#8221; header_2_line_height=&#8221;1.5em&#8221; background_color=&#8221;#f9f9f9&#8243; custom_padding=&#8221;4%|2%|4%|2%|true|true&#8221;]<\/p>\n<h2 style=\"text-align: center;\">Depuis 2003 <strong>V\u00e9ronique et Benjamin<\/strong> vous accueillent dans la <strong>bonne humeur au camping Les Monts d\u2019Albi. <\/strong><span class=\"s1\">Et leur petite Roxanne toujours heureuse d&#8217;avoir de nouveaux copains, se fera une joie de leur faire d\u00e9couvrir le camping.<\/span><\/h2>\n<p>[\/et_pb_text][\/et_pb_column][et_pb_column type=&#8221;1_3&#8243; _builder_version=&#8221;4.3.2&#8243;][et_pb_image src=&#8221;https:\/\/camping-les-monts-d-albi.com\/wp-content\/uploads\/2020\/03\/portrait-equipe-camping-teillet-monts-d-albi-001-web.jpg&#8221; _builder_version=&#8221;4.3.2&#8243;][\/et_pb_image][\/et_pb_column][et_pb_column type=&#8221;1_3&#8243; _builder_version=&#8221;4.3.2&#8243;][et_pb_image src=&#8221;https:\/\/camping-les-monts-d-albi.com\/wp-content\/uploads\/2020\/03\/portrait-equipe-camping-teillet-monts-d-albi-002-web.jpg&#8221; _builder_version=&#8221;4.3.2&#8243;][\/et_pb_image][\/et_pb_column][\/et_pb_row][\/et_pb_section][et_pb_section fb_built=&#8221;1&#8243; admin_label=&#8221;Events&#8221; _builder_version=&#8221;4.3.2&#8243; custom_padding=&#8221;37px||0px|||&#8221;][et_pb_row column_structure=&#8221;1_2,1_2&#8243; _builder_version=&#8221;3.25&#8243; custom_padding=&#8221;3px||0px|||&#8221;][et_pb_column type=&#8221;1_2&#8243; _builder_version=&#8221;3.25&#8243; custom_padding=&#8221;|||&#8221; custom_padding__hover=&#8221;|||&#8221;][et_pb_image src=&#8221;https:\/\/camping-les-monts-d-albi.com\/wp-content\/uploads\/2020\/02\/accueil-exte\u0301rieur-bar-snack-camping-albi-03.jpg&#8221; _builder_version=&#8221;4.3.2&#8243;][\/et_pb_image][\/et_pb_column][et_pb_column type=&#8221;1_2&#8243; _builder_version=&#8221;3.25&#8243; custom_padding=&#8221;|||&#8221; custom_padding__hover=&#8221;|||&#8221;][et_pb_text _builder_version=&#8221;4.3.2&#8243; text_font=&#8221;Poppins||||||||&#8221;]<\/p>\n<p class=\"p1\" style=\"text-align: justify;\"><span class=\"s1\">Originaires du Nord (et oui ils sont chti !), ils se sont tr\u00e8s vite habitu\u00e9s au climat du Tarn. Le soleil y \u00e9tant tr\u00e8s pr\u00e9sent, la situation du camping \u00e0 500m d&#8217;altitude permet d&#8217;avoir des nuits sans grosse chaleur. Donc pas besoin de climatisation et \u00e7a c&#8217;est bon pour la plan\u00e8te !<\/span><\/p>\n<p class=\"p1\" style=\"text-align: justify;\"><span class=\"s1\">Petit camping de<strong> 65 parcelles,<\/strong> pour se retrouver en famille c&#8217;est le lieu id\u00e9al. Et la proximit\u00e9 des lieux incontournables du Tarn tout en \u00e9tant \u00e0 l&#8217;\u00e9cart de la foule vous assure des vacances sereines et ressour\u00e7antes.<\/span><span class=\"s2\"><br \/> <\/span><\/p>\n<p class=\"p1\" style=\"text-align: justify;\">Vous rencontrerez d\u00e8s votre arriv\u00e9 V\u00e9ronique accompagn\u00e9 de son sourire \u00e0 l\u2019accueil, au service du snack\/bar et \u00e0 l\u2019entretien des locaux et du terrain.<\/p>\n<p class=\"p1\" style=\"text-align: justify;\">Au <strong>snack\/bar<\/strong>, vous trouverez Benjamin et son sourire. Il s\u2019occupe de la cuisine et de l\u2019entretien du terrain. Responsable de la maintenance il r\u00e9pondra avec plaisir \u00e0 vos besoins.<\/p>\n<p>[\/et_pb_text][\/et_pb_column][\/et_pb_row][et_pb_row column_structure=&#8221;1_2,1_2&#8243; _builder_version=&#8221;4.3.2&#8243; custom_margin=&#8221;5%||||false|false&#8221; custom_padding=&#8221;||0px|||&#8221; hover_enabled=&#8221;0&#8243; background_enable_color=&#8221;off&#8221;][et_pb_column type=&#8221;1_2&#8243; _builder_version=&#8221;4.3.2&#8243;][et_pb_image src=&#8221;https:\/\/camping-les-monts-d-albi.com\/wp-content\/uploads\/2020\/02\/animation-camping-familial-convivial-teillet.jpg&#8221; _builder_version=&#8221;4.3.2&#8243; width=&#8221;55%&#8221; module_alignment=&#8221;center&#8221; hover_enabled=&#8221;0&#8243; border_radii=&#8221;on|25px|25px|25px|25px&#8221;][\/et_pb_image][et_pb_text _builder_version=&#8221;4.3.2&#8243; text_font=&#8221;Poppins||||||||&#8221; text_text_color=&#8221;#ffffff&#8221; text_font_size=&#8221;19px&#8221; header_3_font=&#8221;Caveat brush|700|||||||&#8221; header_3_text_color=&#8221;#ffffff&#8221; header_3_font_size=&#8221;30px&#8221; header_3_letter_spacing=&#8221;1px&#8221; header_3_line_height=&#8221;1.4em&#8221; header_4_font=&#8221;Poppins||||||||&#8221; header_4_text_color=&#8221;#1c8c99&#8243; header_4_line_height=&#8221;1.5em&#8221; custom_margin=&#8221;||&#8221; custom_margin_tablet=&#8221;||30px&#8221; custom_margin_last_edited=&#8221;off|desktop&#8221; custom_padding=&#8221;|3%||3%|false|true&#8221;]<\/p>\n<div class=\"et_pb_module et_pb_text et_pb_text_0 et_pb_text_align_left et_pb_bg_layout_dark\">\n<div class=\"et_pb_text_inner\">\n<h4 style=\"text-align: center;\"><span style=\"font-size: 16px;\">Heureux propri\u00e9taires d\u2019un Vmax 1700 personnalis\u00e9, les discussions sur le th\u00e8me de la moto (entre autre) alimentent les moments d\u2019\u00e9changes. Ce sont ces partages qui font qu\u2019ils aiment leur m\u00e9tier.<\/span><\/h4>\n<\/div>\n<\/div>\n<p>[\/et_pb_text][\/et_pb_column][et_pb_column type=&#8221;1_2&#8243; _builder_version=&#8221;4.3.2&#8243;][et_pb_image src=&#8221;https:\/\/camping-les-monts-d-albi.com\/wp-content\/uploads\/2020\/02\/camping-hebergement-accueil-albi.jpg&#8221; _builder_version=&#8221;4.3.2&#8243; width=&#8221;55%&#8221; module_alignment=&#8221;center&#8221; hover_enabled=&#8221;0&#8243; border_radii=&#8221;on|25px|25px|25px|25px&#8221;][\/et_pb_image][et_pb_text _builder_version=&#8221;4.3.2&#8243; text_font=&#8221;Poppins||||||||&#8221; text_text_color=&#8221;#ffffff&#8221; text_font_size=&#8221;19px&#8221; header_3_font=&#8221;Caveat brush|700|||||||&#8221; header_3_text_color=&#8221;#ffffff&#8221; header_3_font_size=&#8221;30px&#8221; header_3_letter_spacing=&#8221;1px&#8221; header_3_line_height=&#8221;1.4em&#8221; header_4_font=&#8221;Poppins||||||||&#8221; header_4_text_color=&#8221;#1c8c99&#8243; header_4_line_height=&#8221;1.5em&#8221; custom_margin=&#8221;||&#8221; custom_margin_tablet=&#8221;||30px&#8221; custom_margin_last_edited=&#8221;off|desktop&#8221; custom_padding=&#8221;|3%||3%|false|true&#8221;]<\/p>\n<div class=\"et_pb_module et_pb_text et_pb_text_0 et_pb_text_align_left et_pb_bg_layout_dark\">\n<div class=\"et_pb_text_inner\">\n<h4 style=\"text-align: center;\">Toujours disponibles et \u00e0 l&#8217;\u00e9coute ils vous d\u00e9voileront tous leurs coups de c\u0153ur pour les visites touristiques ainsi que les bonnes tables !<\/h4>\n<\/div>\n<\/div>\n<p>[\/et_pb_text][\/et_pb_column][\/et_pb_row][\/et_pb_section][et_pb_section fb_built=&#8221;1&#8243; admin_label=&#8221;reservation&#8221; _builder_version=&#8221;4.3.2&#8243; saved_tabs=&#8221;all&#8221;][et_pb_row _builder_version=&#8221;4.3.2&#8243;][et_pb_column type=&#8221;4_4&#8243; _builder_version=&#8221;4.3.2&#8243;][et_pb_code admin_label=&#8221;shortcode bouton reservation&#8221; _builder_version=&#8221;4.3.2&#8243;]<div id=\"hippocamp-search-widget-container\" data-user-id=\"7210\" data-language=\"auto\" data-jquery=\"3.2.1\"><\/div>[\/et_pb_code][\/et_pb_column][\/et_pb_row][\/et_pb_section]<\/p>\n","protected":false},"excerpt":{"rendered":"<p>Qui sommes nous ? Camping Les Monts d&#8217;Albi &#8211; Teillet &#8211; Tarn. Depuis 2003 V\u00e9ronique et Benjamin vous accueillent dans la bonne humeur au camping Les Monts d\u2019Albi. Et leur petite Roxanne toujours heureuse d&#8217;avoir de nouveaux copains, se fera une joie de leur faire d\u00e9couvrir le camping.Originaires du Nord (et oui ils sont chti [&hellip;]<\/p>\n","protected":false},"author":1,"featured_media":0,"parent":0,"menu_order":0,"comment_status":"closed","ping_status":"closed","template":"","meta":{"_et_pb_use_builder":"on","_et_pb_old_content":"","_et_gb_content_width":"","inline_featured_image":false,"footnotes":""},"class_list":["post-220455","page","type-page","status-publish","hentry"],"yoast_head":"<!-- This site is optimized with the Yoast SEO plugin v27.3 - https:\/\/yoast.com\/product\/yoast-seo-wordpress\/ -->\n<title>Camping**** Les Monts d&#039;Albi - Tarn vacances - Un camping, une famille<\/title>\n<meta name=\"description\" content=\"Camping familial implant\u00e9 dans le Tarn. V\u00e9ronique, Benjamin et leur petite Roxanne vous accueillent dans la bonne humeur au camping Les Monts d\u2019Albi.\" \/>\n<meta name=\"robots\" content=\"index, follow, max-snippet:-1, max-image-preview:large, max-video-preview:-1\" \/>\n<link rel=\"canonical\" href=\"https:\/\/camping-les-monts-d-albi.com\/nl\/qui-sommes-nous-2\/\" \/>\n<meta property=\"og:locale\" content=\"nl_NL\" \/>\n<meta property=\"og:type\" content=\"article\" \/>\n<meta property=\"og:title\" content=\"Camping**** Les Monts d&#039;Albi - Tarn vacances - Un camping, une famille\" \/>\n<meta property=\"og:description\" content=\"Camping familial implant\u00e9 dans le Tarn. V\u00e9ronique, Benjamin et leur petite Roxanne vous accueillent dans la bonne humeur au camping Les Monts d\u2019Albi.\" \/>\n<meta property=\"og:url\" content=\"https:\/\/camping-les-monts-d-albi.com\/nl\/qui-sommes-nous-2\/\" \/>\n<meta property=\"og:site_name\" content=\"Camping les Monts d&#039;Albi\" \/>\n<meta property=\"article:modified_time\" content=\"2020-07-20T12:35:35+00:00\" \/>\n<meta name=\"twitter:card\" content=\"summary_large_image\" \/>\n<meta name=\"twitter:label1\" content=\"Geschatte leestijd\" \/>\n\t<meta name=\"twitter:data1\" content=\"5 minuten\" \/>\n<script type=\"application\/ld+json\" class=\"yoast-schema-graph\">{\"@context\":\"https:\\\/\\\/schema.org\",\"@graph\":[{\"@type\":\"WebPage\",\"@id\":\"https:\\\/\\\/camping-les-monts-d-albi.com\\\/nl\\\/qui-sommes-nous-2\\\/\",\"url\":\"https:\\\/\\\/camping-les-monts-d-albi.com\\\/nl\\\/qui-sommes-nous-2\\\/\",\"name\":\"Camping**** Les Monts d'Albi - Tarn vacances - Un camping, une famille\",\"isPartOf\":{\"@id\":\"https:\\\/\\\/camping-les-monts-d-albi.com\\\/#website\"},\"datePublished\":\"2020-07-20T12:35:32+00:00\",\"dateModified\":\"2020-07-20T12:35:35+00:00\",\"description\":\"Camping familial implant\u00e9 dans le Tarn. V\u00e9ronique, Benjamin et leur petite Roxanne vous accueillent dans la bonne humeur au camping Les Monts d\u2019Albi.\",\"breadcrumb\":{\"@id\":\"https:\\\/\\\/camping-les-monts-d-albi.com\\\/nl\\\/qui-sommes-nous-2\\\/#breadcrumb\"},\"inLanguage\":\"nl-NL\",\"potentialAction\":[{\"@type\":\"ReadAction\",\"target\":[\"https:\\\/\\\/camping-les-monts-d-albi.com\\\/nl\\\/qui-sommes-nous-2\\\/\"]}]},{\"@type\":\"BreadcrumbList\",\"@id\":\"https:\\\/\\\/camping-les-monts-d-albi.com\\\/nl\\\/qui-sommes-nous-2\\\/#breadcrumb\",\"itemListElement\":[{\"@type\":\"ListItem\",\"position\":1,\"name\":\"Accueil\",\"item\":\"https:\\\/\\\/camping-les-monts-d-albi.com\\\/\"},{\"@type\":\"ListItem\",\"position\":2,\"name\":\"Qui sommes nous\"}]},{\"@type\":\"WebSite\",\"@id\":\"https:\\\/\\\/camping-les-monts-d-albi.com\\\/#website\",\"url\":\"https:\\\/\\\/camping-les-monts-d-albi.com\\\/\",\"name\":\"Camping les Monts d&#039;Albi\",\"description\":\"La pause nature en famille\",\"potentialAction\":[{\"@type\":\"SearchAction\",\"target\":{\"@type\":\"EntryPoint\",\"urlTemplate\":\"https:\\\/\\\/camping-les-monts-d-albi.com\\\/?s={search_term_string}\"},\"query-input\":{\"@type\":\"PropertyValueSpecification\",\"valueRequired\":true,\"valueName\":\"search_term_string\"}}],\"inLanguage\":\"nl-NL\"}]}<\/script>\n<!-- \/ Yoast SEO plugin. -->","yoast_head_json":{"title":"Camping**** Les Monts d'Albi - Tarn vacances - Un camping, une famille","description":"Camping familial implant\u00e9 dans le Tarn. V\u00e9ronique, Benjamin et leur petite Roxanne vous accueillent dans la bonne humeur au camping Les Monts d\u2019Albi.","robots":{"index":"index","follow":"follow","max-snippet":"max-snippet:-1","max-image-preview":"max-image-preview:large","max-video-preview":"max-video-preview:-1"},"canonical":"https:\/\/camping-les-monts-d-albi.com\/nl\/qui-sommes-nous-2\/","og_locale":"nl_NL","og_type":"article","og_title":"Camping**** Les Monts d'Albi - Tarn vacances - Un camping, une famille","og_description":"Camping familial implant\u00e9 dans le Tarn. V\u00e9ronique, Benjamin et leur petite Roxanne vous accueillent dans la bonne humeur au camping Les Monts d\u2019Albi.","og_url":"https:\/\/camping-les-monts-d-albi.com\/nl\/qui-sommes-nous-2\/","og_site_name":"Camping les Monts d&#039;Albi","article_modified_time":"2020-07-20T12:35:35+00:00","twitter_card":"summary_large_image","twitter_misc":{"Geschatte leestijd":"5 minuten"},"schema":{"@context":"https:\/\/schema.org","@graph":[{"@type":"WebPage","@id":"https:\/\/camping-les-monts-d-albi.com\/nl\/qui-sommes-nous-2\/","url":"https:\/\/camping-les-monts-d-albi.com\/nl\/qui-sommes-nous-2\/","name":"Camping**** Les Monts d'Albi - Tarn vacances - Un camping, une famille","isPartOf":{"@id":"https:\/\/camping-les-monts-d-albi.com\/#website"},"datePublished":"2020-07-20T12:35:32+00:00","dateModified":"2020-07-20T12:35:35+00:00","description":"Camping familial implant\u00e9 dans le Tarn. V\u00e9ronique, Benjamin et leur petite Roxanne vous accueillent dans la bonne humeur au camping Les Monts d\u2019Albi.","breadcrumb":{"@id":"https:\/\/camping-les-monts-d-albi.com\/nl\/qui-sommes-nous-2\/#breadcrumb"},"inLanguage":"nl-NL","potentialAction":[{"@type":"ReadAction","target":["https:\/\/camping-les-monts-d-albi.com\/nl\/qui-sommes-nous-2\/"]}]},{"@type":"BreadcrumbList","@id":"https:\/\/camping-les-monts-d-albi.com\/nl\/qui-sommes-nous-2\/#breadcrumb","itemListElement":[{"@type":"ListItem","position":1,"name":"Accueil","item":"https:\/\/camping-les-monts-d-albi.com\/"},{"@type":"ListItem","position":2,"name":"Qui sommes nous"}]},{"@type":"WebSite","@id":"https:\/\/camping-les-monts-d-albi.com\/#website","url":"https:\/\/camping-les-monts-d-albi.com\/","name":"Camping les Monts d&#039;Albi","description":"La pause nature en famille","potentialAction":[{"@type":"SearchAction","target":{"@type":"EntryPoint","urlTemplate":"https:\/\/camping-les-monts-d-albi.com\/?s={search_term_string}"},"query-input":{"@type":"PropertyValueSpecification","valueRequired":true,"valueName":"search_term_string"}}],"inLanguage":"nl-NL"}]}},"_links":{"self":[{"href":"https:\/\/camping-les-monts-d-albi.com\/nl\/wp-json\/wp\/v2\/pages\/220455","targetHints":{"allow":["GET"]}}],"collection":[{"href":"https:\/\/camping-les-monts-d-albi.com\/nl\/wp-json\/wp\/v2\/pages"}],"about":[{"href":"https:\/\/camping-les-monts-d-albi.com\/nl\/wp-json\/wp\/v2\/types\/page"}],"author":[{"embeddable":true,"href":"https:\/\/camping-les-monts-d-albi.com\/nl\/wp-json\/wp\/v2\/users\/1"}],"replies":[{"embeddable":true,"href":"https:\/\/camping-les-monts-d-albi.com\/nl\/wp-json\/wp\/v2\/comments?post=220455"}],"version-history":[{"count":0,"href":"https:\/\/camping-les-monts-d-albi.com\/nl\/wp-json\/wp\/v2\/pages\/220455\/revisions"}],"wp:attachment":[{"href":"https:\/\/camping-les-monts-d-albi.com\/nl\/wp-json\/wp\/v2\/media?parent=220455"}],"curies":[{"name":"wp","href":"https:\/\/api.w.org\/{rel}","templated":true}]}}