{"id":220448,"date":"2020-07-20T14:34:19","date_gmt":"2020-07-20T12:34:19","guid":{"rendered":"https:\/\/camping-les-monts-d-albi.com\/offres-speciales-2\/"},"modified":"2021-01-13T10:31:05","modified_gmt":"2021-01-13T09:31:05","slug":"speciale-aanbiedingen","status":"publish","type":"page","link":"https:\/\/camping-les-monts-d-albi.com\/nl\/speciale-aanbiedingen\/","title":{"rendered":"Speciale Aanbiedingen"},"content":{"rendered":"<p>[et_pb_section fb_built=&#8221;1&#8243; custom_padding_last_edited=&#8221;on|desktop&#8221; admin_label=&#8221;Header&#8221; _builder_version=&#8221;4.3.2&#8243; background_color=&#8221;#ef7d59&#8243; background_image=&#8221;https:\/\/camping-les-monts-d-albi.com\/wp-content\/uploads\/2020\/02\/sight-seeing-49.png&#8221; background_position=&#8221;bottom_center&#8221; custom_padding=&#8221;||132px|||&#8221; custom_padding_tablet=&#8221;0px||5vw&#8221; custom_padding_phone=&#8221;&#8221; box_shadow_vertical_tablet=&#8221;&#8221; box_shadow_vertical_phone=&#8221;&#8221; box_shadow_vertical_last_edited=&#8221;on|tablet&#8221; locked=&#8221;off&#8221;][et_pb_row _builder_version=&#8221;3.25&#8243; module_alignment=&#8221;center&#8221; locked=&#8221;off&#8221;][et_pb_column type=&#8221;4_4&#8243; _builder_version=&#8221;3.25&#8243; custom_padding=&#8221;|||&#8221; custom_padding__hover=&#8221;|||&#8221;][et_pb_text _builder_version=&#8221;4.6.6&#8243; text_font=&#8221;Lato||||||||&#8221; text_font_size=&#8221;22px&#8221; text_line_height=&#8221;1.8em&#8221; header_font=&#8221;Caveat brush|700|||||||&#8221; header_font_size=&#8221;55px&#8221; header_letter_spacing=&#8221;1px&#8221; header_line_height=&#8221;1.2em&#8221; background_layout=&#8221;dark&#8221; custom_margin=&#8221;||17px|||&#8221; text_font_size_tablet=&#8221;&#8221; text_font_size_phone=&#8221;18px&#8221; text_font_size_last_edited=&#8221;on|phone&#8221; header_font_size_tablet=&#8221;40px&#8221; header_font_size_phone=&#8221;30px&#8221; header_font_size_last_edited=&#8221;on|phone&#8221;]<\/p>\n<h1 class=\"page-title entry-title\">Speciale aanbiedingen<\/h1>\n<p>[\/et_pb_text][et_pb_divider color=&#8221;#ffffff&#8221; divider_weight=&#8221;5px&#8221; _builder_version=&#8221;4.3.2&#8243; max_width=&#8221;100px&#8221; locked=&#8221;off&#8221;][\/et_pb_divider][\/et_pb_column][\/et_pb_row][\/et_pb_section][et_pb_section fb_built=&#8221;1&#8243; admin_label=&#8221;Events&#8221; _builder_version=&#8221;3.24&#8243; custom_padding=&#8221;5px|||||&#8221;][et_pb_row _builder_version=&#8221;4.3.2&#8243; custom_padding=&#8221;7px|||||&#8221;][et_pb_column type=&#8221;4_4&#8243; _builder_version=&#8221;4.3.2&#8243;][et_pb_text _builder_version=&#8221;4.6.6&#8243; header_6_text_color=&#8221;#78bd75&#8243; header_6_font_size=&#8221;12px&#8221; custom_padding=&#8221;3px||1px|||&#8221;]<\/p>\n<div class=\"breadcrumb breadcrumbs\">\n<h6 class=\"breadcrumb-trail\">Speciale aanbiedingen, goede plannen en promos op camping Albi \u2013 Tarn<\/h6>\n<\/div>\n<p>[\/et_pb_text][\/et_pb_column][\/et_pb_row][et_pb_row _builder_version=&#8221;4.4.7&#8243;][et_pb_column type=&#8221;4_4&#8243; _builder_version=&#8221;4.4.7&#8243;][et_pb_text _builder_version=&#8221;4.6.6&#8243; text_font=&#8221;Poppins||||||||&#8221; text_text_color=&#8221;#8c8c8c&#8221; text_font_size=&#8221;16px&#8221; header_font=&#8221;Caveat brush|700|||||||&#8221; header_text_color=&#8221;#ef7d59&#8243; header_font_size=&#8221;45px&#8221;]<\/p>\n<h1>SPECIALE AANBIEDINGEN<\/h1>\n<p>Of het nu voor een campingplaats of voor een huuraccommodatie is, vind hier goede voorstellen voor een budgetvriendelijke vakantie in het groen.<\/p>\n<p>[\/et_pb_text][\/et_pb_column][\/et_pb_row][et_pb_row _builder_version=&#8221;4.3.2&#8243;][et_pb_column type=&#8221;4_4&#8243; _builder_version=&#8221;4.3.2&#8243;][et_pb_text _builder_version=&#8221;4.3.2&#8243;]<\/p>\n<script type='text\/javascript' data-wsh-callbacks-onload='' >!function () {var e = new window.CTV.Premium.Widget('SpecialOffer');document.write(e.Write()), window.CTV.Premium.WidgetsCollection.push(e), e.Send()}();<\/script>\n<p>[\/et_pb_text][et_pb_text _builder_version=&#8221;4.3.2&#8243;]<\/p>\n<div id='offres_spe'><div id='elt_offres_spe'><h3 class='mane_promo'>Forfait NATURE<\/h3><script>setTimeout(function () {document.getElementById('ctv-4511').innerHTML = `<ctv-offers data-product-id='4511' ><\/ctv-offers>`});<\/script>\n\t\t\t\t\t\t<div id='ctv-4511'><\/div><\/div><div id='elt_offres_spe'><h3 class='mane_promo'>Forfait CONFORT<\/h3><script>setTimeout(function () {document.getElementById('ctv-4513').innerHTML = `<ctv-offers data-product-id='4513' ><\/ctv-offers>`});<\/script>\n\t\t\t\t\t\t<div id='ctv-4513'><\/div><\/div><div id='elt_offres_spe'><h3 class='mane_promo'>Forfait PRIVILEGE<\/h3><script>setTimeout(function () {document.getElementById('ctv-14543').innerHTML = `<ctv-offers data-product-id='14543' ><\/ctv-offers>`});<\/script>\n\t\t\t\t\t\t<div id='ctv-14543'><\/div><\/div><div id='elt_offres_spe'><h3 class='mane_promo'>Chalet style Cabane trappeur CONFORT 35m\u00b2<\/h3><script>setTimeout(function () {document.getElementById('ctv-4514').innerHTML = `<ctv-offers data-product-id='4514' ><\/ctv-offers>`});<\/script>\n\t\t\t\t\t\t<div id='ctv-4514'><\/div><\/div><div id='elt_offres_spe'><h3 class='mane_promo'>Chalet style Bastida CONFORT 35m\u00b2<\/h3><script>setTimeout(function () {document.getElementById('ctv-51720').innerHTML = `<ctv-offers data-product-id='51720' ><\/ctv-offers>`});<\/script>\n\t\t\t\t\t\t<div id='ctv-51720'><\/div><\/div><div id='elt_offres_spe'><h3 class='mane_promo'>Chalet style Bastida CONFORT court s\u00e9jour 35m\u00b2<\/h3><script>setTimeout(function () {document.getElementById('ctv-88116').innerHTML = `<ctv-offers data-product-id='88116' ><\/ctv-offers>`});<\/script>\n\t\t\t\t\t\t<div id='ctv-88116'><\/div><\/div>\n<p>[\/et_pb_text][\/et_pb_column][\/et_pb_row][\/et_pb_section][et_pb_section fb_built=&#8221;1&#8243; admin_label=&#8221;reservation&#8221; module_class=&#8221;section_reservation&#8221; _builder_version=&#8221;4.3.2&#8243; custom_css_main_element=&#8221;padding-top: 0px !important;||padding-bottom: 0px!important;||height: 0px!important;&#8221; global_module=&#8221;219026&#8243; saved_tabs=&#8221;all&#8221; custom_css_main_element_last_edited=&#8221;on|phone&#8221; custom_css_main_element_tablet=&#8221;padding-top: 0px !important;||padding-bottom: 0px!important;||height: 0px!important;&#8221; custom_css_main_element_phone=&#8221;padding-top: 0px !important;||padding-bottom: 0px!important;||height: 0px!important;&#8221;][et_pb_row _builder_version=&#8221;4.3.2&#8243;][et_pb_column type=&#8221;4_4&#8243; _builder_version=&#8221;4.3.2&#8243;][et_pb_code admin_label=&#8221;shortcode bouton reservation&#8221; _builder_version=&#8221;4.3.2&#8243;]<div id=\"hippocamp-search-widget-container\" data-user-id=\"7210\" data-language=\"auto\" data-jquery=\"3.2.1\"><\/div>[\/et_pb_code][\/et_pb_column][\/et_pb_row][et_pb_row disabled_on=&#8221;off|off|off&#8221; _builder_version=&#8221;4.4.7&#8243;][et_pb_column type=&#8221;4_4&#8243; _builder_version=&#8221;4.3.2&#8243;][et_pb_code admin_label=&#8221;shortcode bouton covid&#8221; _builder_version=&#8221;4.4.8&#8243;]<a id=\"covid_button\" href=\"https:\/\/camping-les-monts-d-albi.com\/nl\/2020\/07\/09\/actions-speciales-covid-19-suite-a-louverture-du-2-juin\/\" rel=\"noopener noreferrer\">covid-19<\/a>[\/et_pb_code][\/et_pb_column][\/et_pb_row][\/et_pb_section]<\/p>\n","protected":false},"excerpt":{"rendered":"<p>Speciale aanbiedingen Speciale aanbiedingen, goede plannen en promos op camping Albi \u2013 Tarn SPECIALE AANBIEDINGEN Of het nu voor een campingplaats of voor een huuraccommodatie is, vind hier goede voorstellen voor een budgetvriendelijke vakantie in het groen.<script type='text\/javascript' data-wsh-callbacks-onload='' >!function () {var e = new window.CTV.Premium.Widget('SpecialOffer');document.write(e.Write()), window.CTV.Premium.WidgetsCollection.push(e), e.Send()}();<\/script><div id='offres_spe'><div id='elt_offres_spe'><h3 class='mane_promo'>Forfait NATURE<\/h3><script>setTimeout(function () {document.getElementById('ctv-4511').innerHTML = `<ctv-offers data-product-id='4511' ><\/ctv-offers>`});<\/script>\n\t\t\t\t\t\t<div id='ctv-4511'><\/div><\/div><div id='elt_offres_spe'><h3 class='mane_promo'>Forfait CONFORT<\/h3><script>setTimeout(function () {document.getElementById('ctv-4513').innerHTML = `<ctv-offers data-product-id='4513' ><\/ctv-offers>`});<\/script>\n\t\t\t\t\t\t<div id='ctv-4513'><\/div><\/div><div id='elt_offres_spe'><h3 class='mane_promo'>Forfait PRIVILEGE<\/h3><script>setTimeout(function () {document.getElementById('ctv-14543').innerHTML = `<ctv-offers data-product-id='14543' ><\/ctv-offers>`});<\/script>\n\t\t\t\t\t\t<div id='ctv-14543'><\/div><\/div><div id='elt_offres_spe'><h3 class='mane_promo'>Chalet style Cabane trappeur CONFORT 35m\u00b2<\/h3><script>setTimeout(function () {document.getElementById('ctv-4514').innerHTML = `<ctv-offers data-product-id='4514' ><\/ctv-offers>`});<\/script>\n\t\t\t\t\t\t<div id='ctv-4514'><\/div><\/div><div id='elt_offres_spe'><h3 class='mane_promo'>Chalet style Bastida CONFORT 35m\u00b2<\/h3><script>setTimeout(function () {document.getElementById('ctv-51720').innerHTML = `<ctv-offers data-product-id='51720' ><\/ctv-offers>`});<\/script>\n\t\t\t\t\t\t<div id='ctv-51720'><\/div><\/div><div id='elt_offres_spe'><h3 class='mane_promo'>Chalet style Bastida CONFORT court s\u00e9jour 35m\u00b2<\/h3><script>setTimeout(function () {document.getElementById('ctv-88116').innerHTML = `<ctv-offers data-product-id='88116' ><\/ctv-offers>`});<\/script>\n\t\t\t\t\t\t<div id='ctv-88116'><\/div><\/div><div id=\"hippocamp-search-widget-container\" data-user-id=\"7210\" data-language=\"auto\" data-jquery=\"3.2.1\"><\/div><\/p>\n","protected":false},"author":1,"featured_media":0,"parent":0,"menu_order":0,"comment_status":"closed","ping_status":"closed","template":"","meta":{"_et_pb_use_builder":"on","_et_pb_old_content":"","_et_gb_content_width":"","inline_featured_image":false,"footnotes":""},"class_list":["post-220448","page","type-page","status-publish","hentry"],"yoast_head":"<!-- This site is optimized with the Yoast SEO plugin v27.4 - https:\/\/yoast.com\/product\/yoast-seo-wordpress\/ -->\n<title>Camping 4 \u00e9toiles Les Monts d&#039;Albi - Tarn - Offres sp\u00e9ciales<\/title>\n<meta name=\"description\" content=\"Pour vos vacances d&#039;\u00e9t\u00e9 au grand air, retrouvez les promotions et offres sp\u00e9ciales du Camping**** Les Monts d&#039;Albi dans le Tarn.\" \/>\n<meta name=\"robots\" content=\"index, follow, max-snippet:-1, max-image-preview:large, max-video-preview:-1\" \/>\n<link rel=\"canonical\" href=\"https:\/\/camping-les-monts-d-albi.com\/nl\/speciale-aanbiedingen\/\" \/>\n<meta property=\"og:locale\" content=\"nl_NL\" \/>\n<meta property=\"og:type\" content=\"article\" \/>\n<meta property=\"og:title\" content=\"Camping 4 \u00e9toiles Les Monts d&#039;Albi - Tarn - Offres sp\u00e9ciales\" \/>\n<meta property=\"og:description\" content=\"Pour vos vacances d&#039;\u00e9t\u00e9 au grand air, retrouvez les promotions et offres sp\u00e9ciales du Camping**** Les Monts d&#039;Albi dans le Tarn.\" \/>\n<meta property=\"og:url\" content=\"https:\/\/camping-les-monts-d-albi.com\/nl\/speciale-aanbiedingen\/\" \/>\n<meta property=\"og:site_name\" content=\"Camping les Monts d&#039;Albi\" \/>\n<meta property=\"article:modified_time\" content=\"2021-01-13T09:31:05+00:00\" \/>\n<meta name=\"twitter:card\" content=\"summary_large_image\" \/>\n<meta name=\"twitter:label1\" content=\"Geschatte leestijd\" \/>\n\t<meta name=\"twitter:data1\" content=\"3 minuten\" \/>\n<script type=\"application\/ld+json\" class=\"yoast-schema-graph\">{\"@context\":\"https:\\\/\\\/schema.org\",\"@graph\":[{\"@type\":\"WebPage\",\"@id\":\"https:\\\/\\\/camping-les-monts-d-albi.com\\\/nl\\\/speciale-aanbiedingen\\\/\",\"url\":\"https:\\\/\\\/camping-les-monts-d-albi.com\\\/nl\\\/speciale-aanbiedingen\\\/\",\"name\":\"Camping 4 \u00e9toiles Les Monts d'Albi - Tarn - Offres sp\u00e9ciales\",\"isPartOf\":{\"@id\":\"https:\\\/\\\/camping-les-monts-d-albi.com\\\/#website\"},\"datePublished\":\"2020-07-20T12:34:19+00:00\",\"dateModified\":\"2021-01-13T09:31:05+00:00\",\"description\":\"Pour vos vacances d'\u00e9t\u00e9 au grand air, retrouvez les promotions et offres sp\u00e9ciales du Camping**** Les Monts d'Albi dans le Tarn.\",\"breadcrumb\":{\"@id\":\"https:\\\/\\\/camping-les-monts-d-albi.com\\\/nl\\\/speciale-aanbiedingen\\\/#breadcrumb\"},\"inLanguage\":\"nl-NL\",\"potentialAction\":[{\"@type\":\"ReadAction\",\"target\":[\"https:\\\/\\\/camping-les-monts-d-albi.com\\\/nl\\\/speciale-aanbiedingen\\\/\"]}]},{\"@type\":\"BreadcrumbList\",\"@id\":\"https:\\\/\\\/camping-les-monts-d-albi.com\\\/nl\\\/speciale-aanbiedingen\\\/#breadcrumb\",\"itemListElement\":[{\"@type\":\"ListItem\",\"position\":1,\"name\":\"Accueil\",\"item\":\"https:\\\/\\\/camping-les-monts-d-albi.com\\\/\"},{\"@type\":\"ListItem\",\"position\":2,\"name\":\"Speciale Aanbiedingen\"}]},{\"@type\":\"WebSite\",\"@id\":\"https:\\\/\\\/camping-les-monts-d-albi.com\\\/#website\",\"url\":\"https:\\\/\\\/camping-les-monts-d-albi.com\\\/\",\"name\":\"Camping les Monts d&#039;Albi\",\"description\":\"La pause nature en famille\",\"potentialAction\":[{\"@type\":\"SearchAction\",\"target\":{\"@type\":\"EntryPoint\",\"urlTemplate\":\"https:\\\/\\\/camping-les-monts-d-albi.com\\\/?s={search_term_string}\"},\"query-input\":{\"@type\":\"PropertyValueSpecification\",\"valueRequired\":true,\"valueName\":\"search_term_string\"}}],\"inLanguage\":\"nl-NL\"}]}<\/script>\n<!-- \/ Yoast SEO plugin. -->","yoast_head_json":{"title":"Camping 4 \u00e9toiles Les Monts d'Albi - Tarn - Offres sp\u00e9ciales","description":"Pour vos vacances d'\u00e9t\u00e9 au grand air, retrouvez les promotions et offres sp\u00e9ciales du Camping**** Les Monts d'Albi dans le Tarn.","robots":{"index":"index","follow":"follow","max-snippet":"max-snippet:-1","max-image-preview":"max-image-preview:large","max-video-preview":"max-video-preview:-1"},"canonical":"https:\/\/camping-les-monts-d-albi.com\/nl\/speciale-aanbiedingen\/","og_locale":"nl_NL","og_type":"article","og_title":"Camping 4 \u00e9toiles Les Monts d'Albi - Tarn - Offres sp\u00e9ciales","og_description":"Pour vos vacances d'\u00e9t\u00e9 au grand air, retrouvez les promotions et offres sp\u00e9ciales du Camping**** Les Monts d'Albi dans le Tarn.","og_url":"https:\/\/camping-les-monts-d-albi.com\/nl\/speciale-aanbiedingen\/","og_site_name":"Camping les Monts d&#039;Albi","article_modified_time":"2021-01-13T09:31:05+00:00","twitter_card":"summary_large_image","twitter_misc":{"Geschatte leestijd":"3 minuten"},"schema":{"@context":"https:\/\/schema.org","@graph":[{"@type":"WebPage","@id":"https:\/\/camping-les-monts-d-albi.com\/nl\/speciale-aanbiedingen\/","url":"https:\/\/camping-les-monts-d-albi.com\/nl\/speciale-aanbiedingen\/","name":"Camping 4 \u00e9toiles Les Monts d'Albi - Tarn - Offres sp\u00e9ciales","isPartOf":{"@id":"https:\/\/camping-les-monts-d-albi.com\/#website"},"datePublished":"2020-07-20T12:34:19+00:00","dateModified":"2021-01-13T09:31:05+00:00","description":"Pour vos vacances d'\u00e9t\u00e9 au grand air, retrouvez les promotions et offres sp\u00e9ciales du Camping**** Les Monts d'Albi dans le Tarn.","breadcrumb":{"@id":"https:\/\/camping-les-monts-d-albi.com\/nl\/speciale-aanbiedingen\/#breadcrumb"},"inLanguage":"nl-NL","potentialAction":[{"@type":"ReadAction","target":["https:\/\/camping-les-monts-d-albi.com\/nl\/speciale-aanbiedingen\/"]}]},{"@type":"BreadcrumbList","@id":"https:\/\/camping-les-monts-d-albi.com\/nl\/speciale-aanbiedingen\/#breadcrumb","itemListElement":[{"@type":"ListItem","position":1,"name":"Accueil","item":"https:\/\/camping-les-monts-d-albi.com\/"},{"@type":"ListItem","position":2,"name":"Speciale Aanbiedingen"}]},{"@type":"WebSite","@id":"https:\/\/camping-les-monts-d-albi.com\/#website","url":"https:\/\/camping-les-monts-d-albi.com\/","name":"Camping les Monts d&#039;Albi","description":"La pause nature en famille","potentialAction":[{"@type":"SearchAction","target":{"@type":"EntryPoint","urlTemplate":"https:\/\/camping-les-monts-d-albi.com\/?s={search_term_string}"},"query-input":{"@type":"PropertyValueSpecification","valueRequired":true,"valueName":"search_term_string"}}],"inLanguage":"nl-NL"}]}},"_links":{"self":[{"href":"https:\/\/camping-les-monts-d-albi.com\/nl\/wp-json\/wp\/v2\/pages\/220448","targetHints":{"allow":["GET"]}}],"collection":[{"href":"https:\/\/camping-les-monts-d-albi.com\/nl\/wp-json\/wp\/v2\/pages"}],"about":[{"href":"https:\/\/camping-les-monts-d-albi.com\/nl\/wp-json\/wp\/v2\/types\/page"}],"author":[{"embeddable":true,"href":"https:\/\/camping-les-monts-d-albi.com\/nl\/wp-json\/wp\/v2\/users\/1"}],"replies":[{"embeddable":true,"href":"https:\/\/camping-les-monts-d-albi.com\/nl\/wp-json\/wp\/v2\/comments?post=220448"}],"version-history":[{"count":0,"href":"https:\/\/camping-les-monts-d-albi.com\/nl\/wp-json\/wp\/v2\/pages\/220448\/revisions"}],"wp:attachment":[{"href":"https:\/\/camping-les-monts-d-albi.com\/nl\/wp-json\/wp\/v2\/media?parent=220448"}],"curies":[{"name":"wp","href":"https:\/\/api.w.org\/{rel}","templated":true}]}}