{"id":220374,"date":"2020-07-09T13:40:31","date_gmt":"2020-07-09T11:40:31","guid":{"rendered":"https:\/\/camping-les-monts-d-albi.com\/diensten-en-toegankelijkheid\/"},"modified":"2024-10-02T09:59:11","modified_gmt":"2024-10-02T07:59:11","slug":"diensten-en-toegankelijkheid","status":"publish","type":"page","link":"https:\/\/camping-les-monts-d-albi.com\/nl\/diensten-en-toegankelijkheid\/","title":{"rendered":"Diensten en toegankelijkheid"},"content":{"rendered":"<p>[et_pb_section fb_built=&#8221;1&#8243; admin_label=&#8221;Header&#8221; _builder_version=&#8221;4.16&#8243; overflow-x=&#8221;hidden&#8221; custom_padding=&#8221;3px||8px|||&#8221; global_colors_info=&#8221;{}&#8221;][et_pb_row make_equal=&#8221;on&#8221; custom_padding_last_edited=&#8221;on|desktop&#8221; _builder_version=&#8221;4.16&#8243; width=&#8221;100%&#8221; custom_margin=&#8221;||||false|false&#8221; custom_margin_tablet=&#8221;|||2%|false|false&#8221; custom_margin_phone=&#8221;|||1%|false|false&#8221; custom_margin_last_edited=&#8221;on|phone&#8221; custom_padding=&#8221;||19px|||&#8221; custom_padding_tablet=&#8221;&#8221; custom_padding_phone=&#8221;&#8221; global_colors_info=&#8221;{}&#8221;][et_pb_column type=&#8221;4_4&#8243; _builder_version=&#8221;4.16&#8243; global_colors_info=&#8221;{}&#8221;][et_pb_text _builder_version=&#8221;4.16&#8243; header_6_text_color=&#8221;#78bd75&#8243; header_6_font_size=&#8221;12px&#8221; header_6_font_size_tablet=&#8221;&#8221; header_6_font_size_phone=&#8221;11px&#8221; header_6_font_size_last_edited=&#8221;on|phone&#8221; global_colors_info=&#8221;{}&#8221;]<\/p>\n<h6><span>Les services du Camping Les Monts d&#8217;Albi : wifi, animations, piscine, jeux.<\/span><\/h6>\n<p>[\/et_pb_text][\/et_pb_column][\/et_pb_row][et_pb_row column_structure=&#8221;1_2,1_2&#8243; custom_padding_last_edited=&#8221;on|desktop&#8221; _builder_version=&#8221;4.16&#8243; custom_margin_tablet=&#8221;||0px||false|false&#8221; custom_margin_phone=&#8221;&#8221; custom_margin_last_edited=&#8221;on|phone&#8221; custom_padding=&#8221;0px||21px|||&#8221; custom_padding_tablet=&#8221;||0px||false|false&#8221; custom_padding_phone=&#8221;&#8221; global_colors_info=&#8221;{}&#8221;][et_pb_column type=&#8221;1_2&#8243; _builder_version=&#8221;4.16&#8243; custom_padding=&#8221;|||&#8221; global_colors_info=&#8221;{}&#8221; custom_padding__hover=&#8221;|||&#8221;][et_pb_text _builder_version=&#8221;4.16&#8243; text_font=&#8221;Poppins||||||||&#8221; text_text_color=&#8221;#8c8c8c&#8221; text_font_size=&#8221;16px&#8221; text_line_height=&#8221;1.8em&#8221; header_font=&#8221;Caveat brush|700|||||||&#8221; header_text_color=&#8221;#1c8c99&#8243; header_font_size=&#8221;45px&#8221; header_line_height=&#8221;1.2em&#8221; custom_margin=&#8221;||-8px||false|false&#8221; custom_padding=&#8221;||0px||false|false&#8221; text_font_size_tablet=&#8221;&#8221; text_font_size_phone=&#8221;18px&#8221; text_font_size_last_edited=&#8221;on|phone&#8221; header_font_size_tablet=&#8221;40px&#8221; header_font_size_phone=&#8221;30px&#8221; header_font_size_last_edited=&#8221;on|desktop&#8221; global_colors_info=&#8221;{}&#8221;]<\/p>\n<h1>Toegankelijkheid<\/h1>\n<p>[\/et_pb_text][\/et_pb_column][et_pb_column type=&#8221;1_2&#8243; _builder_version=&#8221;4.16&#8243; custom_padding=&#8221;|||&#8221; global_colors_info=&#8221;{}&#8221; custom_padding__hover=&#8221;|||&#8221;][\/et_pb_column][\/et_pb_row][et_pb_row column_structure=&#8221;2_5,3_5&#8243; custom_padding_last_edited=&#8221;on|desktop&#8221; _builder_version=&#8221;4.16&#8243; custom_margin_tablet=&#8221;0px||||false|false&#8221; custom_margin_phone=&#8221;||0px||false|false&#8221; custom_margin_last_edited=&#8221;on|phone&#8221; custom_padding=&#8221;3px||4px|||&#8221; custom_padding_tablet=&#8221;0px||||false|false&#8221; custom_padding_phone=&#8221;||0px||false|false&#8221; global_colors_info=&#8221;{}&#8221;][et_pb_column type=&#8221;2_5&#8243; _builder_version=&#8221;4.16&#8243; custom_padding=&#8221;|||&#8221; global_colors_info=&#8221;{}&#8221; custom_padding__hover=&#8221;|||&#8221;][et_pb_divider color=&#8221;#1c8c99&#8243; divider_weight=&#8221;5px&#8221; _builder_version=&#8221;4.16&#8243; width=&#8221;150px&#8221; custom_margin=&#8221;||13px|||&#8221; global_colors_info=&#8221;{}&#8221;][\/et_pb_divider][et_pb_text _builder_version=&#8221;4.16&#8243; text_font=&#8221;Poppins||||||||&#8221; text_text_color=&#8221;#f7a42e&#8221; text_font_size=&#8221;16px&#8221; text_line_height=&#8221;1.8em&#8221; header_font=&#8221;Caveat brush|700|||||||&#8221; header_text_color=&#8221;#ef7d59&#8243; header_font_size=&#8221;45px&#8221; header_line_height=&#8221;1.2em&#8221; header_3_font=&#8221;Poppins||||||||&#8221; header_3_text_color=&#8221;#1c8c99&#8243; header_3_font_size=&#8221;15px&#8221; header_3_line_height=&#8221;1.5em&#8221; custom_margin=&#8221;||||false|false&#8221; text_font_size_tablet=&#8221;&#8221; text_font_size_phone=&#8221;18px&#8221; text_font_size_last_edited=&#8221;on|phone&#8221; header_font_size_tablet=&#8221;40px&#8221; header_font_size_phone=&#8221;30px&#8221; header_font_size_last_edited=&#8221;on|desktop&#8221; global_colors_info=&#8221;{}&#8221;]<\/p>\n<h3 style=\"text-align: justify;\"><span>Onze camping beschikt over een douchecabine en toiletten voor mensen met een beperking. Omdat de camping in terrassen is aangelegd raden wij mensen met een beperking aan ons eerst te contacteren voor meer informatie<\/span><\/h3>\n<p>[\/et_pb_text][et_pb_button button_url=&#8221;\/?page_id=114&#8243; button_text=&#8221;Nous contacter&#8221; button_alignment=&#8221;left&#8221; _builder_version=&#8221;4.16&#8243; custom_button=&#8221;on&#8221; button_text_size=&#8221;14px&#8221; button_text_color=&#8221;#ffffff&#8221; button_bg_color=&#8221;#1c8c99&#8243; button_border_color=&#8221;rgba(0,0,0,0)&#8221; button_border_radius=&#8221;0px&#8221; button_letter_spacing=&#8221;2px&#8221; button_font=&#8221;Futura bold italic|700||on|||||&#8221; button_icon=&#8221;&#x24;||divi||400&#8243; custom_margin=&#8221;||||false|false&#8221; custom_padding=&#8221;12px|23px|12px|23px|true|true&#8221; box_shadow_style=&#8221;preset3&#8243; box_shadow_color=&#8221;rgba(0,0,0,0.12)&#8221; locked=&#8221;off&#8221; global_colors_info=&#8221;{}&#8221;][\/et_pb_button][et_pb_image src=&#8221;https:\/\/camping-les-monts-d-albi.com\/wp-content\/uploads\/2020\/02\/camping-hebergement-exterieur-albi-3.jpg&#8221; _builder_version=&#8221;4.16&#8243; custom_margin=&#8221;||0px||false|false&#8221; custom_padding=&#8221;||0px||false|false&#8221; global_colors_info=&#8221;{}&#8221;][\/et_pb_image][\/et_pb_column][et_pb_column type=&#8221;3_5&#8243; _builder_version=&#8221;4.16&#8243; custom_padding=&#8221;|||&#8221; global_colors_info=&#8221;{}&#8221; custom_padding__hover=&#8221;|||&#8221;][et_pb_image src=&#8221;https:\/\/camping-les-monts-d-albi.com\/wp-content\/uploads\/2020\/02\/camping-les-monts-d-albi-services-accessibilite.jpg&#8221; disabled_on=&#8221;on|on|off&#8221; _builder_version=&#8221;4.16&#8243; transform_translate=&#8221;10vw|0px&#8221; transform_translate_linked=&#8221;off&#8221; custom_margin=&#8221;-160px||||false|false&#8221; custom_margin_tablet=&#8221;20px||&#8221; custom_margin_phone=&#8221;&#8221; custom_margin_last_edited=&#8221;on|desktop&#8221; custom_padding=&#8221;77px|||||&#8221; border_width_all=&#8221;30px&#8221; border_color_all=&#8221;#ffffff&#8221; box_shadow_style=&#8221;preset3&#8243; box_shadow_horizontal=&#8221;5px&#8221; box_shadow_vertical=&#8221;25px&#8221; box_shadow_blur=&#8221;105px&#8221; box_shadow_spread=&#8221;-30px&#8221; box_shadow_color=&#8221;rgba(0,0,0,0.25)&#8221; global_colors_info=&#8221;{}&#8221;][\/et_pb_image][et_pb_image src=&#8221;https:\/\/camping-les-monts-d-albi.com\/wp-content\/uploads\/2020\/02\/camping-fleuri-parking-accessible-service.jpg&#8221; disabled_on=&#8221;on|on|off&#8221; _builder_version=&#8221;4.16&#8243; max_width=&#8221;400px&#8221; custom_margin=&#8221;-375px||70px|||&#8221; custom_padding=&#8221;|||||&#8221; border_width_all=&#8221;7px&#8221; border_color_all=&#8221;#ffffff&#8221; box_shadow_style=&#8221;preset3&#8243; box_shadow_vertical=&#8221;56px&#8221; box_shadow_blur=&#8221;65px&#8221; box_shadow_spread=&#8221;-15px&#8221; box_shadow_color=&#8221;rgba(0,0,0,0.4)&#8221; global_colors_info=&#8221;{}&#8221;][\/et_pb_image][\/et_pb_column][\/et_pb_row][et_pb_row _builder_version=&#8221;4.16&#8243; custom_margin=&#8221;-3px|auto||auto||&#8221; custom_margin_tablet=&#8221;&#8221; custom_margin_phone=&#8221;&#8221; custom_margin_last_edited=&#8221;on|phone&#8221; custom_padding=&#8221;||0px|||&#8221; global_colors_info=&#8221;{}&#8221;][et_pb_column type=&#8221;4_4&#8243; _builder_version=&#8221;4.16&#8243; global_colors_info=&#8221;{}&#8221;][et_pb_text _builder_version=&#8221;4.16&#8243; text_font=&#8221;Poppins||||||||&#8221; text_text_color=&#8221;#8c8c8c&#8221; text_font_size=&#8221;16px&#8221; text_line_height=&#8221;1.8em&#8221; header_font=&#8221;Caveat brush|700|||||||&#8221; header_text_color=&#8221;#ef7d59&#8243; header_font_size=&#8221;45px&#8221; header_line_height=&#8221;1.2em&#8221; header_2_font=&#8221;Caveat brush||||||||&#8221; header_2_text_color=&#8221;#1c8c99&#8243; header_2_font_size=&#8221;40px&#8221; custom_margin=&#8221;||4px||false|false&#8221; custom_padding=&#8221;||0px||false|false&#8221; text_font_size_tablet=&#8221;&#8221; text_font_size_phone=&#8221;18px&#8221; text_font_size_last_edited=&#8221;on|phone&#8221; header_font_size_tablet=&#8221;40px&#8221; header_font_size_phone=&#8221;30px&#8221; header_font_size_last_edited=&#8221;on|desktop&#8221; global_colors_info=&#8221;{}&#8221;]<\/p>\n<h2 style=\"text-align: center;\">Diensten<\/h2>\n<p>[\/et_pb_text][\/et_pb_column][\/et_pb_row][et_pb_row column_structure=&#8221;1_2,1_2&#8243; _builder_version=&#8221;4.16&#8243; custom_padding=&#8221;10px||||false|false&#8221; global_colors_info=&#8221;{}&#8221;][et_pb_column type=&#8221;1_2&#8243; _builder_version=&#8221;4.16&#8243; background_color=&#8221;#f4f4f4&#8243; custom_padding=&#8221;2%|2%|2%|2%|true|true&#8221; box_shadow_style=&#8221;preset3&#8243; box_shadow_color=&#8221;rgba(28,140,153,0.65)&#8221; global_colors_info=&#8221;{}&#8221;][et_pb_text _builder_version=&#8221;4.16&#8243; text_font=&#8221;Poppins||||||||&#8221; text_text_color=&#8221;#f7a42e&#8221; text_font_size=&#8221;16px&#8221; text_line_height=&#8221;1.8em&#8221; header_font=&#8221;Caveat brush|700|||||||&#8221; header_text_color=&#8221;#ef7d59&#8243; header_font_size=&#8221;45px&#8221; header_line_height=&#8221;1.2em&#8221; header_3_font=&#8221;Poppins||||||||&#8221; header_3_text_color=&#8221;#1c8c99&#8243; header_3_font_size=&#8221;15px&#8221; header_3_line_height=&#8221;1.5em&#8221; custom_margin=&#8221;||||false|false&#8221; custom_margin_tablet=&#8221;&#8221; custom_margin_phone=&#8221;||2px||false|false&#8221; custom_margin_last_edited=&#8221;on|desktop&#8221; custom_padding_tablet=&#8221;&#8221; custom_padding_phone=&#8221;5px||0px||false|false&#8221; custom_padding_last_edited=&#8221;on|phone&#8221; text_font_size_tablet=&#8221;&#8221; text_font_size_phone=&#8221;18px&#8221; text_font_size_last_edited=&#8221;on|phone&#8221; header_font_size_tablet=&#8221;40px&#8221; header_font_size_phone=&#8221;30px&#8221; header_font_size_last_edited=&#8221;on|desktop&#8221; global_colors_info=&#8221;{}&#8221;]<\/p>\n<h3 style=\"text-align: center;\"><\/h3>\n<h3 style=\"text-align: center;\">Telefonisch onthaal<br \/>van 1 januari tot 31 december van 10 tot 13 u en van 15 tot 19 u.<\/h3>\n<h3 style=\"text-align: center;\"><span style=\"color: #808080;\">Onthaal (op de camping)<br \/>van 1 april tot 1 november<\/span><\/h3>\n<h3 style=\"text-align: center;\"><span style=\"color: #808080;\"> van 9.30\u00a0 tot 13 u en van 14.30 tot 19u.<\/span><\/h3>\n<h3 style=\"text-align: center;\">Invriezen van uw koelelementen<\/h3>\n<h3 style=\"text-align: center;\"><span style=\"color: #808080;\">Wasmachine en droogkast met jetons<br \/>Gratis strijkijzer<\/span><\/h3>\n<p>[\/et_pb_text][\/et_pb_column][et_pb_column type=&#8221;1_2&#8243; _builder_version=&#8221;4.16&#8243; background_color=&#8221;#f4f4f4&#8243; custom_padding=&#8221;2%|2%|2%|2%|true|true&#8221; box_shadow_style=&#8221;preset3&#8243; box_shadow_color=&#8221;rgba(28,140,153,0.65)&#8221; global_colors_info=&#8221;{}&#8221;][et_pb_text _builder_version=&#8221;4.16&#8243; text_font=&#8221;Poppins||||||||&#8221; text_text_color=&#8221;#f7a42e&#8221; text_font_size=&#8221;16px&#8221; text_line_height=&#8221;1.8em&#8221; header_font=&#8221;Caveat brush|700|||||||&#8221; header_text_color=&#8221;#ef7d59&#8243; header_font_size=&#8221;45px&#8221; header_line_height=&#8221;1.2em&#8221; header_3_font=&#8221;Poppins||||||||&#8221; header_3_text_color=&#8221;#1c8c99&#8243; header_3_font_size=&#8221;15px&#8221; header_3_line_height=&#8221;1.5em&#8221; custom_margin=&#8221;||||false|false&#8221; custom_margin_tablet=&#8221;&#8221; custom_margin_phone=&#8221;||0px||false|false&#8221; custom_margin_last_edited=&#8221;on|phone&#8221; text_font_size_tablet=&#8221;&#8221; text_font_size_phone=&#8221;18px&#8221; text_font_size_last_edited=&#8221;on|phone&#8221; header_font_size_tablet=&#8221;40px&#8221; header_font_size_phone=&#8221;30px&#8221; header_font_size_last_edited=&#8221;on|desktop&#8221; global_colors_info=&#8221;{}&#8221;]<\/p>\n<h3 style=\"text-align: center;\">Gratis WiFi en internet<\/h3>\n<h3 style=\"text-align: center;\"><span style=\"color: #808080;\">Gratis bibliotheek<br \/>(Frans, Engels, Nederlands).<\/span><\/h3>\n<h3 style=\"text-align: center;\">Toeristische documentatie<\/h3>\n<h3 style=\"text-align: center;\"><span style=\"color: #808080;\">Verhuur van gezelschapsspellen<\/span><\/h3>\n<h3 style=\"text-align: center;\">Winkels in het dorp op 200 m.<span style=\"color: #808080;\"><\/span><\/h3>\n<p>[\/et_pb_text][\/et_pb_column][\/et_pb_row][et_pb_row _builder_version=&#8221;4.16&#8243; custom_padding=&#8221;||20px|||&#8221; global_colors_info=&#8221;{}&#8221;][et_pb_column type=&#8221;4_4&#8243; _builder_version=&#8221;4.16&#8243; global_colors_info=&#8221;{}&#8221;][et_pb_4divi_masonry_gallery gallery_ids=&#8221;1144,1145,1139&#8243; gallery_columns=&#8221;4&#8243; show_title_and_caption=&#8221;off&#8221; zoom_icon_color=&#8221;#1c8c99&#8243; hover_overlay_color=&#8221;rgba(255,255,255,0.9)&#8221; _builder_version=&#8221;4.16&#8243; border_width_all=&#8221;1px&#8221; border_color_all=&#8221;#ffffff&#8221; global_colors_info=&#8221;{}&#8221;][\/et_pb_4divi_masonry_gallery][\/et_pb_column][\/et_pb_row][\/et_pb_section][et_pb_section fb_built=&#8221;1&#8243; admin_label=&#8221;reservation&#8221; module_class=&#8221;section_reservation&#8221; _builder_version=&#8221;4.3.2&#8243; custom_css_main_element=&#8221;padding-top: 0px !important;||padding-bottom: 0px!important;||height: 0px!important;&#8221; global_module=&#8221;219026&#8243; saved_tabs=&#8221;all&#8221; global_colors_info=&#8221;{}&#8221;][et_pb_row _builder_version=&#8221;4.16&#8243; global_colors_info=&#8221;{}&#8221;][et_pb_column type=&#8221;4_4&#8243; _builder_version=&#8221;4.16&#8243; global_colors_info=&#8221;{}&#8221;][et_pb_code admin_label=&#8221;shortcode bouton reservation&#8221; _builder_version=&#8221;4.16&#8243; global_colors_info=&#8221;{}&#8221;]<div id=\"hippocamp-search-widget-container\" data-user-id=\"7210\" data-language=\"auto\" data-jquery=\"3.2.1\"><\/div>[\/et_pb_code][\/et_pb_column][\/et_pb_row][et_pb_row disabled_on=&#8221;off|off|off&#8221; _builder_version=&#8221;4.16&#8243; global_colors_info=&#8221;{}&#8221;][et_pb_column type=&#8221;4_4&#8243; _builder_version=&#8221;4.16&#8243; global_colors_info=&#8221;{}&#8221;][et_pb_code admin_label=&#8221;shortcode bouton covid&#8221; _builder_version=&#8221;4.16&#8243; global_colors_info=&#8221;{}&#8221;]<a id=\"covid_button\" href=\"https:\/\/camping-les-monts-d-albi.com\/nl\/2020\/07\/09\/actions-speciales-covid-19-suite-a-louverture-du-2-juin\/\" rel=\"noopener noreferrer\">covid-19<\/a>[\/et_pb_code][\/et_pb_column][\/et_pb_row][\/et_pb_section]<\/p>\n","protected":false},"excerpt":{"rendered":"<p>Les services du Camping Les Monts d&#8217;Albi : wifi, animations, piscine, jeux.ToegankelijkheidOnze camping beschikt over een douchecabine en toiletten voor mensen met een beperking. Omdat de camping in terrassen is aangelegd raden wij mensen met een beperking aan ons eerst te contacteren voor meer informatieDiensten Telefonisch onthaalvan 1 januari tot 31 december van 10 tot [&hellip;]<\/p>\n","protected":false},"author":1,"featured_media":0,"parent":0,"menu_order":0,"comment_status":"closed","ping_status":"closed","template":"","meta":{"_et_pb_use_builder":"on","_et_pb_old_content":"","_et_gb_content_width":"","inline_featured_image":false,"footnotes":""},"class_list":["post-220374","page","type-page","status-publish","hentry"],"yoast_head":"<!-- This site is optimized with the Yoast SEO plugin v27.5 - https:\/\/yoast.com\/product\/yoast-seo-wordpress\/ -->\n<title>Camping 4 \u00e9toiles Les Monts d&#039;Albi - Tarn - Services, accessibilit\u00e9<\/title>\n<meta name=\"description\" content=\"Notre camping**** vous offre de nombreux services et \u00e9quipements \u00e0 disposition. Personnes \u00e0 mobilit\u00e9 r\u00e9duite, renseignements \u00e0 l&#039;accueil.\" \/>\n<meta name=\"robots\" content=\"index, follow, max-snippet:-1, max-image-preview:large, max-video-preview:-1\" \/>\n<link rel=\"canonical\" href=\"https:\/\/camping-les-monts-d-albi.com\/services-accessibilite\/\" \/>\n<meta property=\"og:locale\" content=\"nl_NL\" \/>\n<meta property=\"og:type\" content=\"article\" \/>\n<meta property=\"og:title\" content=\"Camping 4 \u00e9toiles Les Monts d&#039;Albi - Tarn - Services, accessibilit\u00e9\" \/>\n<meta property=\"og:description\" content=\"Notre camping**** vous offre de nombreux services et \u00e9quipements \u00e0 disposition. Personnes \u00e0 mobilit\u00e9 r\u00e9duite, renseignements \u00e0 l&#039;accueil.\" \/>\n<meta property=\"og:url\" content=\"https:\/\/camping-les-monts-d-albi.com\/services-accessibilite\/\" \/>\n<meta property=\"og:site_name\" content=\"Camping les Monts d&#039;Albi\" \/>\n<meta property=\"article:modified_time\" content=\"2024-10-02T07:59:11+00:00\" \/>\n<meta name=\"twitter:card\" content=\"summary_large_image\" \/>\n<meta name=\"twitter:label1\" content=\"Geschatte leestijd\" \/>\n\t<meta name=\"twitter:data1\" content=\"8 minuten\" \/>\n<script type=\"application\/ld+json\" class=\"yoast-schema-graph\">{\"@context\":\"https:\\\/\\\/schema.org\",\"@graph\":[{\"@type\":\"WebPage\",\"@id\":\"https:\\\/\\\/camping-les-monts-d-albi.com\\\/services-accessibilite\\\/\",\"url\":\"https:\\\/\\\/camping-les-monts-d-albi.com\\\/services-accessibilite\\\/\",\"name\":\"Camping 4 \u00e9toiles Les Monts d'Albi - Tarn - Services, accessibilit\u00e9\",\"isPartOf\":{\"@id\":\"https:\\\/\\\/camping-les-monts-d-albi.com\\\/#website\"},\"datePublished\":\"2020-07-09T11:40:31+00:00\",\"dateModified\":\"2024-10-02T07:59:11+00:00\",\"description\":\"Notre camping**** vous offre de nombreux services et \u00e9quipements \u00e0 disposition. Personnes \u00e0 mobilit\u00e9 r\u00e9duite, renseignements \u00e0 l'accueil.\",\"breadcrumb\":{\"@id\":\"https:\\\/\\\/camping-les-monts-d-albi.com\\\/services-accessibilite\\\/#breadcrumb\"},\"inLanguage\":\"nl-NL\",\"potentialAction\":[{\"@type\":\"ReadAction\",\"target\":[\"https:\\\/\\\/camping-les-monts-d-albi.com\\\/services-accessibilite\\\/\"]}]},{\"@type\":\"BreadcrumbList\",\"@id\":\"https:\\\/\\\/camping-les-monts-d-albi.com\\\/services-accessibilite\\\/#breadcrumb\",\"itemListElement\":[{\"@type\":\"ListItem\",\"position\":1,\"name\":\"Accueil\",\"item\":\"https:\\\/\\\/camping-les-monts-d-albi.com\\\/\"},{\"@type\":\"ListItem\",\"position\":2,\"name\":\"Diensten en toegankelijkheid\"}]},{\"@type\":\"WebSite\",\"@id\":\"https:\\\/\\\/camping-les-monts-d-albi.com\\\/#website\",\"url\":\"https:\\\/\\\/camping-les-monts-d-albi.com\\\/\",\"name\":\"Camping les Monts d&#039;Albi\",\"description\":\"La pause nature en famille\",\"potentialAction\":[{\"@type\":\"SearchAction\",\"target\":{\"@type\":\"EntryPoint\",\"urlTemplate\":\"https:\\\/\\\/camping-les-monts-d-albi.com\\\/?s={search_term_string}\"},\"query-input\":{\"@type\":\"PropertyValueSpecification\",\"valueRequired\":true,\"valueName\":\"search_term_string\"}}],\"inLanguage\":\"nl-NL\"}]}<\/script>\n<!-- \/ Yoast SEO plugin. -->","yoast_head_json":{"title":"Camping 4 \u00e9toiles Les Monts d'Albi - Tarn - Services, accessibilit\u00e9","description":"Notre camping**** vous offre de nombreux services et \u00e9quipements \u00e0 disposition. Personnes \u00e0 mobilit\u00e9 r\u00e9duite, renseignements \u00e0 l'accueil.","robots":{"index":"index","follow":"follow","max-snippet":"max-snippet:-1","max-image-preview":"max-image-preview:large","max-video-preview":"max-video-preview:-1"},"canonical":"https:\/\/camping-les-monts-d-albi.com\/services-accessibilite\/","og_locale":"nl_NL","og_type":"article","og_title":"Camping 4 \u00e9toiles Les Monts d'Albi - Tarn - Services, accessibilit\u00e9","og_description":"Notre camping**** vous offre de nombreux services et \u00e9quipements \u00e0 disposition. Personnes \u00e0 mobilit\u00e9 r\u00e9duite, renseignements \u00e0 l'accueil.","og_url":"https:\/\/camping-les-monts-d-albi.com\/services-accessibilite\/","og_site_name":"Camping les Monts d&#039;Albi","article_modified_time":"2024-10-02T07:59:11+00:00","twitter_card":"summary_large_image","twitter_misc":{"Geschatte leestijd":"8 minuten"},"schema":{"@context":"https:\/\/schema.org","@graph":[{"@type":"WebPage","@id":"https:\/\/camping-les-monts-d-albi.com\/services-accessibilite\/","url":"https:\/\/camping-les-monts-d-albi.com\/services-accessibilite\/","name":"Camping 4 \u00e9toiles Les Monts d'Albi - Tarn - Services, accessibilit\u00e9","isPartOf":{"@id":"https:\/\/camping-les-monts-d-albi.com\/#website"},"datePublished":"2020-07-09T11:40:31+00:00","dateModified":"2024-10-02T07:59:11+00:00","description":"Notre camping**** vous offre de nombreux services et \u00e9quipements \u00e0 disposition. Personnes \u00e0 mobilit\u00e9 r\u00e9duite, renseignements \u00e0 l'accueil.","breadcrumb":{"@id":"https:\/\/camping-les-monts-d-albi.com\/services-accessibilite\/#breadcrumb"},"inLanguage":"nl-NL","potentialAction":[{"@type":"ReadAction","target":["https:\/\/camping-les-monts-d-albi.com\/services-accessibilite\/"]}]},{"@type":"BreadcrumbList","@id":"https:\/\/camping-les-monts-d-albi.com\/services-accessibilite\/#breadcrumb","itemListElement":[{"@type":"ListItem","position":1,"name":"Accueil","item":"https:\/\/camping-les-monts-d-albi.com\/"},{"@type":"ListItem","position":2,"name":"Diensten en toegankelijkheid"}]},{"@type":"WebSite","@id":"https:\/\/camping-les-monts-d-albi.com\/#website","url":"https:\/\/camping-les-monts-d-albi.com\/","name":"Camping les Monts d&#039;Albi","description":"La pause nature en famille","potentialAction":[{"@type":"SearchAction","target":{"@type":"EntryPoint","urlTemplate":"https:\/\/camping-les-monts-d-albi.com\/?s={search_term_string}"},"query-input":{"@type":"PropertyValueSpecification","valueRequired":true,"valueName":"search_term_string"}}],"inLanguage":"nl-NL"}]}},"_links":{"self":[{"href":"https:\/\/camping-les-monts-d-albi.com\/nl\/wp-json\/wp\/v2\/pages\/220374","targetHints":{"allow":["GET"]}}],"collection":[{"href":"https:\/\/camping-les-monts-d-albi.com\/nl\/wp-json\/wp\/v2\/pages"}],"about":[{"href":"https:\/\/camping-les-monts-d-albi.com\/nl\/wp-json\/wp\/v2\/types\/page"}],"author":[{"embeddable":true,"href":"https:\/\/camping-les-monts-d-albi.com\/nl\/wp-json\/wp\/v2\/users\/1"}],"replies":[{"embeddable":true,"href":"https:\/\/camping-les-monts-d-albi.com\/nl\/wp-json\/wp\/v2\/comments?post=220374"}],"version-history":[{"count":1,"href":"https:\/\/camping-les-monts-d-albi.com\/nl\/wp-json\/wp\/v2\/pages\/220374\/revisions"}],"predecessor-version":[{"id":221682,"href":"https:\/\/camping-les-monts-d-albi.com\/nl\/wp-json\/wp\/v2\/pages\/220374\/revisions\/221682"}],"wp:attachment":[{"href":"https:\/\/camping-les-monts-d-albi.com\/nl\/wp-json\/wp\/v2\/media?parent=220374"}],"curies":[{"name":"wp","href":"https:\/\/api.w.org\/{rel}","templated":true}]}}