{"id":220348,"date":"2020-07-09T11:28:53","date_gmt":"2020-07-09T09:28:53","guid":{"rendered":"https:\/\/camping-les-monts-d-albi.com\/de-camping\/het-campingleven\/snackbar-en-speelzaal\/"},"modified":"2022-04-05T10:55:15","modified_gmt":"2022-04-05T08:55:15","slug":"snackbar-en-speelzaal","status":"publish","type":"page","link":"https:\/\/camping-les-monts-d-albi.com\/nl\/de-camping\/het-campingleven\/snackbar-en-speelzaal\/","title":{"rendered":"Snackbar en speelzaal"},"content":{"rendered":"<p>[et_pb_section fb_built=&#8221;1&#8243; admin_label=&#8221;Header&#8221; _builder_version=&#8221;4.16&#8243; overflow-x=&#8221;hidden&#8221; custom_padding=&#8221;3px||0px|||&#8221; global_colors_info=&#8221;{}&#8221;][et_pb_row make_equal=&#8221;on&#8221; custom_padding_last_edited=&#8221;on|desktop&#8221; _builder_version=&#8221;4.16&#8243; width=&#8221;100%&#8221; custom_margin_tablet=&#8221;|||2%|false|false&#8221; custom_margin_phone=&#8221;||0px|2%|false|false&#8221; custom_margin_last_edited=&#8221;on|phone&#8221; custom_padding=&#8221;||19px|||&#8221; custom_padding_tablet=&#8221;&#8221; custom_padding_phone=&#8221;||0px||false|false&#8221; global_colors_info=&#8221;{}&#8221;][et_pb_column type=&#8221;4_4&#8243; _builder_version=&#8221;4.16&#8243; global_colors_info=&#8221;{}&#8221;][et_pb_text _builder_version=&#8221;4.16&#8243; header_6_text_color=&#8221;#78bd75&#8243; header_6_font_size=&#8221;12px&#8221; header_6_font_size_tablet=&#8221;&#8221; header_6_font_size_phone=&#8221;11px&#8221; header_6_font_size_last_edited=&#8221;on|phone&#8221; global_colors_info=&#8221;{}&#8221;]<\/p>\n<h6><span>Restaurant du Camping Tarn pr\u00e8s d&#8217;Albi &#8211; Le Camping Les Monts d&#8217;Albi.<\/span><\/h6>\n<p>[\/et_pb_text][\/et_pb_column][\/et_pb_row][et_pb_row column_structure=&#8221;1_2,1_2&#8243; custom_padding_last_edited=&#8221;on|desktop&#8221; _builder_version=&#8221;4.16&#8243; custom_margin_tablet=&#8221;||0px||false|false&#8221; custom_margin_phone=&#8221;&#8221; custom_margin_last_edited=&#8221;on|phone&#8221; custom_padding=&#8221;0px|||||&#8221; custom_padding_tablet=&#8221;||0px||false|false&#8221; custom_padding_phone=&#8221;||0px||false|false&#8221; global_colors_info=&#8221;{}&#8221;][et_pb_column type=&#8221;1_2&#8243; _builder_version=&#8221;4.16&#8243; custom_padding=&#8221;|||&#8221; global_colors_info=&#8221;{}&#8221; custom_padding__hover=&#8221;|||&#8221;][et_pb_text _builder_version=&#8221;4.16&#8243; text_font=&#8221;Poppins||||||||&#8221; text_text_color=&#8221;#8c8c8c&#8221; text_font_size=&#8221;16px&#8221; text_line_height=&#8221;1.8em&#8221; header_font=&#8221;Caveat brush|700|||||||&#8221; header_text_color=&#8221;#1c8c99&#8243; header_font_size=&#8221;45px&#8221; header_line_height=&#8221;1.2em&#8221; custom_margin_tablet=&#8221;||0px||false|false&#8221; custom_margin_phone=&#8221;||0px||false|false&#8221; custom_margin_last_edited=&#8221;on|phone&#8221; custom_padding_tablet=&#8221;||0px||false|false&#8221; custom_padding_phone=&#8221;||0px||false|false&#8221; custom_padding_last_edited=&#8221;on|desktop&#8221; text_font_size_tablet=&#8221;&#8221; text_font_size_phone=&#8221;18px&#8221; text_font_size_last_edited=&#8221;on|phone&#8221; header_font_size_tablet=&#8221;40px&#8221; header_font_size_phone=&#8221;30px&#8221; header_font_size_last_edited=&#8221;on|desktop&#8221; global_colors_info=&#8221;{}&#8221;]<\/p>\n<h1><span>Snackbar<br \/> en speelzaal<\/span><\/h1>\n<p><strong><span style=\"color: #1c8c99;\">Open in juli en augustus<\/span><\/strong> <span>Afhaalservice<\/span><strong><span>\u2019<\/span><span style=\"color: #1c8c99;\">s<\/span><\/strong><span>middags en \u2019s avonds<\/span><\/p>\n<p>[\/et_pb_text][\/et_pb_column][et_pb_column type=&#8221;1_2&#8243; _builder_version=&#8221;4.16&#8243; custom_padding=&#8221;|||&#8221; global_colors_info=&#8221;{}&#8221; custom_padding__hover=&#8221;|||&#8221;][\/et_pb_column][\/et_pb_row][et_pb_row column_structure=&#8221;2_5,3_5&#8243; custom_padding_last_edited=&#8221;on|desktop&#8221; _builder_version=&#8221;4.16&#8243; custom_margin_tablet=&#8221;0px||||false|false&#8221; custom_margin_phone=&#8221;0px||||false|false&#8221; custom_margin_last_edited=&#8221;on|phone&#8221; custom_padding=&#8221;||4px|||&#8221; custom_padding_tablet=&#8221;0px||||false|false&#8221; custom_padding_phone=&#8221;0px||||false|false&#8221; global_colors_info=&#8221;{}&#8221;][et_pb_column type=&#8221;2_5&#8243; _builder_version=&#8221;4.16&#8243; custom_padding=&#8221;|||&#8221; global_colors_info=&#8221;{}&#8221; custom_padding__hover=&#8221;|||&#8221;][et_pb_divider color=&#8221;#1c8c99&#8243; divider_weight=&#8221;5px&#8221; _builder_version=&#8221;4.16&#8243; width=&#8221;150px&#8221; custom_margin_tablet=&#8221;0px||||false|false&#8221; custom_margin_phone=&#8221;0px||||false|false&#8221; custom_margin_last_edited=&#8221;on|phone&#8221; custom_padding_tablet=&#8221;0px||||false|false&#8221; custom_padding_phone=&#8221;0px||||false|false&#8221; custom_padding_last_edited=&#8221;on|desktop&#8221; global_colors_info=&#8221;{}&#8221;][\/et_pb_divider][et_pb_text _builder_version=&#8221;4.16.1&#8243; text_font=&#8221;Poppins||||||||&#8221; text_text_color=&#8221;#8c8c8c&#8221; text_font_size=&#8221;16px&#8221; header_font=&#8221;Caveat brush|700|||||||&#8221; header_text_color=&#8221;#ef7d59&#8243; header_font_size=&#8221;45px&#8221; header_line_height=&#8221;1.2em&#8221; hover_enabled=&#8221;0&#8243; text_font_size_tablet=&#8221;&#8221; text_font_size_phone=&#8221;18px&#8221; text_font_size_last_edited=&#8221;on|phone&#8221; header_font_size_tablet=&#8221;40px&#8221; header_font_size_phone=&#8221;30px&#8221; header_font_size_last_edited=&#8221;on|desktop&#8221; global_colors_info=&#8221;{}&#8221; sticky_enabled=&#8221;0&#8243;]<\/p>\n<p style=\"text-align: justify;\"><span style=\"color: #1c8c99;\"><strong>De bar<\/strong><\/span> <span>is van 1 juli tot 27 augustus elke dag open van 8 tot 14 u. en van 17 tot 23 u. Op het terras kan u genieten van een<\/span><span style=\"color: #1c8c99;\"><strong>ijsje en frisse dranken.<\/strong><\/span><\/p>\n<p>[\/et_pb_text][et_pb_image src=&#8221;https:\/\/camping-les-monts-d-albi.com\/wp-content\/uploads\/2020\/02\/apepro-chef-snack-bar-camping-les-monts-d-albi.jpg&#8221; disabled_on=&#8221;off|on|on&#8221; _builder_version=&#8221;4.16&#8243; global_colors_info=&#8221;{}&#8221;][\/et_pb_image][et_pb_image src=&#8221;https:\/\/camping-les-monts-d-albi.com\/wp-content\/uploads\/2020\/02\/camping-les-monts-d-albi-salle-de-jeux-billard-web-2.jpg&#8221; _builder_version=&#8221;4.16&#8243; global_colors_info=&#8221;{}&#8221;][\/et_pb_image][\/et_pb_column][et_pb_column type=&#8221;3_5&#8243; _builder_version=&#8221;4.16&#8243; custom_padding=&#8221;|||&#8221; global_colors_info=&#8221;{}&#8221; custom_padding__hover=&#8221;|||&#8221;][et_pb_image src=&#8221;https:\/\/camping-les-monts-d-albi.com\/wp-content\/uploads\/2020\/02\/apepro-chef-snack-bar-camping-les-monts-d-albi.jpg&#8221; disabled_on=&#8221;on|on|off&#8221; _builder_version=&#8221;4.16&#8243; transform_translate=&#8221;10vw|0px&#8221; transform_translate_linked=&#8221;off&#8221; custom_margin=&#8221;-256px|||||&#8221; custom_margin_tablet=&#8221;20px||&#8221; custom_margin_phone=&#8221;&#8221; custom_margin_last_edited=&#8221;on|desktop&#8221; custom_padding=&#8221;43px|||||&#8221; border_width_all=&#8221;30px&#8221; border_color_all=&#8221;#ffffff&#8221; box_shadow_style=&#8221;preset3&#8243; box_shadow_horizontal=&#8221;5px&#8221; box_shadow_vertical=&#8221;25px&#8221; box_shadow_blur=&#8221;105px&#8221; box_shadow_spread=&#8221;-30px&#8221; box_shadow_color=&#8221;rgba(0,0,0,0.25)&#8221; global_colors_info=&#8221;{}&#8221;][\/et_pb_image][et_pb_image src=&#8221;https:\/\/camping-les-monts-d-albi.com\/wp-content\/uploads\/2020\/02\/camping-les-monts-d-albi-snack-bar-comptoir.jpg&#8221; disabled_on=&#8221;on|on|off&#8221; _builder_version=&#8221;4.16&#8243; max_width=&#8221;400px&#8221; custom_margin=&#8221;-375px||160px|||&#8221; custom_padding=&#8221;|||||&#8221; border_width_all=&#8221;7px&#8221; border_color_all=&#8221;#ffffff&#8221; box_shadow_style=&#8221;preset3&#8243; box_shadow_vertical=&#8221;56px&#8221; box_shadow_blur=&#8221;65px&#8221; box_shadow_spread=&#8221;-15px&#8221; box_shadow_color=&#8221;rgba(0,0,0,0.4)&#8221; global_colors_info=&#8221;{}&#8221;][\/et_pb_image][\/et_pb_column][\/et_pb_row][et_pb_row _builder_version=&#8221;4.16&#8243; background_color=&#8221;#1c8c99&#8243; custom_margin=&#8221;1.4%|auto||auto|false|false&#8221; global_colors_info=&#8221;{}&#8221;][et_pb_column type=&#8221;4_4&#8243; _builder_version=&#8221;4.16&#8243; global_colors_info=&#8221;{}&#8221;][et_pb_text _builder_version=&#8221;4.16&#8243; text_font=&#8221;Poppins||||||||&#8221; text_text_color=&#8221;#ffffff&#8221; text_font_size=&#8221;16px&#8221; header_3_font=&#8221;Caveat brush|700|||||||&#8221; header_3_text_color=&#8221;#ffffff&#8221; header_3_font_size=&#8221;30px&#8221; header_3_letter_spacing=&#8221;1px&#8221; header_3_line_height=&#8221;1.4em&#8221; custom_margin=&#8221;||&#8221; custom_margin_tablet=&#8221;||30px&#8221; custom_margin_last_edited=&#8221;off|desktop&#8221; global_colors_info=&#8221;{}&#8221;]<\/p>\n<div class=\"et_pb_module et_pb_text et_pb_text_0 et_pb_text_align_left et_pb_bg_layout_dark\">\n<div class=\"et_pb_text_inner\">\n<h3 style=\"text-align: center;\">Speelzaal<\/h3>\n<\/div>\n<\/div>\n<p class=\"p1\" style=\"text-align: center;\">In de speelzaal staan een biljart en een jeu d\u2019arcade met twee motors<br \/> voor spannende wedstrijden. Er is een bibliotheek en gezelschapsspellen staan<br \/> gratis ter beschikking.<\/p>\n<p>[\/et_pb_text][\/et_pb_column][\/et_pb_row][et_pb_row _builder_version=&#8221;4.16&#8243; global_colors_info=&#8221;{}&#8221;][et_pb_column type=&#8221;4_4&#8243; _builder_version=&#8221;4.16&#8243; global_colors_info=&#8221;{}&#8221;][et_pb_4divi_masonry_gallery gallery_ids=&#8221;1094,1097,1095,1096,1098,1099&#8243; gallery_columns=&#8221;4&#8243; show_title_and_caption=&#8221;off&#8221; zoom_icon_color=&#8221;#1c8c99&#8243; hover_overlay_color=&#8221;rgba(255,255,255,0.9)&#8221; _builder_version=&#8221;4.16&#8243; border_width_all=&#8221;1px&#8221; border_color_all=&#8221;#ffffff&#8221; global_colors_info=&#8221;{}&#8221;][\/et_pb_4divi_masonry_gallery][\/et_pb_column][\/et_pb_row][\/et_pb_section][et_pb_section fb_built=&#8221;1&#8243; admin_label=&#8221;reservation&#8221; module_class=&#8221;section_reservation&#8221; _builder_version=&#8221;4.3.2&#8243; custom_css_main_element=&#8221;padding-top: 0px !important;||padding-bottom: 0px!important;||height: 0px!important;&#8221; global_module=&#8221;219026&#8243; saved_tabs=&#8221;all&#8221; global_colors_info=&#8221;{}&#8221;][et_pb_row _builder_version=&#8221;4.16&#8243; global_colors_info=&#8221;{}&#8221;][et_pb_column type=&#8221;4_4&#8243; _builder_version=&#8221;4.16&#8243; global_colors_info=&#8221;{}&#8221;][et_pb_code admin_label=&#8221;shortcode bouton reservation&#8221; _builder_version=&#8221;4.16&#8243; global_colors_info=&#8221;{}&#8221;]<div id=\"hippocamp-search-widget-container\" data-user-id=\"7210\" data-language=\"auto\" data-jquery=\"3.2.1\"><\/div>[\/et_pb_code][\/et_pb_column][\/et_pb_row][et_pb_row disabled_on=&#8221;off|off|off&#8221; _builder_version=&#8221;4.16&#8243; global_colors_info=&#8221;{}&#8221;][et_pb_column type=&#8221;4_4&#8243; _builder_version=&#8221;4.16&#8243; global_colors_info=&#8221;{}&#8221;][et_pb_code admin_label=&#8221;shortcode bouton covid&#8221; _builder_version=&#8221;4.16&#8243; global_colors_info=&#8221;{}&#8221;]<a id=\"covid_button\" href=\"https:\/\/camping-les-monts-d-albi.com\/nl\/2020\/07\/09\/actions-speciales-covid-19-suite-a-louverture-du-2-juin\/\" rel=\"noopener noreferrer\">covid-19<\/a>[\/et_pb_code][\/et_pb_column][\/et_pb_row][\/et_pb_section]<\/p>\n","protected":false},"excerpt":{"rendered":"<p>Restaurant du Camping Tarn pr\u00e8s d&#8217;Albi &#8211; Le Camping Les Monts d&#8217;Albi.Snackbar en speelzaal Open in juli en augustus Afhaalservice\u2019smiddags en \u2019s avondsDe bar is van 1 juli tot 27 augustus elke dag open van 8 tot 14 u. en van 17 tot 23 u. Op het terras kan u genieten van eenijsje en frisse [&hellip;]<\/p>\n","protected":false},"author":1,"featured_media":0,"parent":220293,"menu_order":0,"comment_status":"closed","ping_status":"closed","template":"","meta":{"_et_pb_use_builder":"on","_et_pb_old_content":"","_et_gb_content_width":"","inline_featured_image":false,"footnotes":""},"class_list":["post-220348","page","type-page","status-publish","hentry"],"yoast_head":"<!-- This site is optimized with the Yoast SEO plugin v27.4 - https:\/\/yoast.com\/product\/yoast-seo-wordpress\/ -->\n<title>Camping 4 \u00e9toiles Les Monts d&#039;Albi - Tarn - Snack-bar &amp; salle de jeux<\/title>\n<meta name=\"description\" content=\"Snack ouvert 7j\/7 l&#039;\u00e9t\u00e9, plats \u00e0 emporter midi et soirs. Boissons, glaces disponibles au bar. Salle de jeux avec billard, jeux d&#039;acardes\u2026 Animez votre s\u00e9jour !\" \/>\n<meta name=\"robots\" content=\"index, follow, max-snippet:-1, max-image-preview:large, max-video-preview:-1\" \/>\n<link rel=\"canonical\" href=\"https:\/\/camping-les-monts-d-albi.com\/le-camping\/vie-au-camping\/le-snack-bar-et-la-salle-de-jeux\/\" \/>\n<meta property=\"og:locale\" content=\"nl_NL\" \/>\n<meta property=\"og:type\" content=\"article\" \/>\n<meta property=\"og:title\" content=\"Camping 4 \u00e9toiles Les Monts d&#039;Albi - Tarn - Snack-bar &amp; salle de jeux\" \/>\n<meta property=\"og:description\" content=\"Snack ouvert 7j\/7 l&#039;\u00e9t\u00e9, plats \u00e0 emporter midi et soirs. Boissons, glaces disponibles au bar. Salle de jeux avec billard, jeux d&#039;acardes\u2026 Animez votre s\u00e9jour !\" \/>\n<meta property=\"og:url\" content=\"https:\/\/camping-les-monts-d-albi.com\/le-camping\/vie-au-camping\/le-snack-bar-et-la-salle-de-jeux\/\" \/>\n<meta property=\"og:site_name\" content=\"Camping les Monts d&#039;Albi\" \/>\n<meta property=\"article:modified_time\" content=\"2022-04-05T08:55:15+00:00\" \/>\n<meta name=\"twitter:card\" content=\"summary_large_image\" \/>\n<meta name=\"twitter:label1\" content=\"Geschatte leestijd\" \/>\n\t<meta name=\"twitter:data1\" content=\"5 minuten\" \/>\n<script type=\"application\/ld+json\" class=\"yoast-schema-graph\">{\"@context\":\"https:\\\/\\\/schema.org\",\"@graph\":[{\"@type\":\"WebPage\",\"@id\":\"https:\\\/\\\/camping-les-monts-d-albi.com\\\/le-camping\\\/vie-au-camping\\\/le-snack-bar-et-la-salle-de-jeux\\\/\",\"url\":\"https:\\\/\\\/camping-les-monts-d-albi.com\\\/le-camping\\\/vie-au-camping\\\/le-snack-bar-et-la-salle-de-jeux\\\/\",\"name\":\"Camping 4 \u00e9toiles Les Monts d'Albi - Tarn - Snack-bar & salle de jeux\",\"isPartOf\":{\"@id\":\"https:\\\/\\\/camping-les-monts-d-albi.com\\\/#website\"},\"datePublished\":\"2020-07-09T09:28:53+00:00\",\"dateModified\":\"2022-04-05T08:55:15+00:00\",\"description\":\"Snack ouvert 7j\\\/7 l'\u00e9t\u00e9, plats \u00e0 emporter midi et soirs. Boissons, glaces disponibles au bar. Salle de jeux avec billard, jeux d'acardes\u2026 Animez votre s\u00e9jour !\",\"breadcrumb\":{\"@id\":\"https:\\\/\\\/camping-les-monts-d-albi.com\\\/le-camping\\\/vie-au-camping\\\/le-snack-bar-et-la-salle-de-jeux\\\/#breadcrumb\"},\"inLanguage\":\"nl-NL\",\"potentialAction\":[{\"@type\":\"ReadAction\",\"target\":[\"https:\\\/\\\/camping-les-monts-d-albi.com\\\/le-camping\\\/vie-au-camping\\\/le-snack-bar-et-la-salle-de-jeux\\\/\"]}]},{\"@type\":\"BreadcrumbList\",\"@id\":\"https:\\\/\\\/camping-les-monts-d-albi.com\\\/le-camping\\\/vie-au-camping\\\/le-snack-bar-et-la-salle-de-jeux\\\/#breadcrumb\",\"itemListElement\":[{\"@type\":\"ListItem\",\"position\":1,\"name\":\"Accueil\",\"item\":\"https:\\\/\\\/camping-les-monts-d-albi.com\\\/\"},{\"@type\":\"ListItem\",\"position\":2,\"name\":\"De camping\",\"item\":\"https:\\\/\\\/camping-les-monts-d-albi.com\\\/nl\\\/de-camping\\\/\"},{\"@type\":\"ListItem\",\"position\":3,\"name\":\"Het campingleven\",\"item\":\"https:\\\/\\\/camping-les-monts-d-albi.com\\\/nl\\\/de-camping\\\/het-campingleven\\\/\"},{\"@type\":\"ListItem\",\"position\":4,\"name\":\"Snackbar en speelzaal\"}]},{\"@type\":\"WebSite\",\"@id\":\"https:\\\/\\\/camping-les-monts-d-albi.com\\\/#website\",\"url\":\"https:\\\/\\\/camping-les-monts-d-albi.com\\\/\",\"name\":\"Camping les Monts d&#039;Albi\",\"description\":\"La pause nature en famille\",\"potentialAction\":[{\"@type\":\"SearchAction\",\"target\":{\"@type\":\"EntryPoint\",\"urlTemplate\":\"https:\\\/\\\/camping-les-monts-d-albi.com\\\/?s={search_term_string}\"},\"query-input\":{\"@type\":\"PropertyValueSpecification\",\"valueRequired\":true,\"valueName\":\"search_term_string\"}}],\"inLanguage\":\"nl-NL\"}]}<\/script>\n<!-- \/ Yoast SEO plugin. -->","yoast_head_json":{"title":"Camping 4 \u00e9toiles Les Monts d'Albi - Tarn - Snack-bar & salle de jeux","description":"Snack ouvert 7j\/7 l'\u00e9t\u00e9, plats \u00e0 emporter midi et soirs. Boissons, glaces disponibles au bar. Salle de jeux avec billard, jeux d'acardes\u2026 Animez votre s\u00e9jour !","robots":{"index":"index","follow":"follow","max-snippet":"max-snippet:-1","max-image-preview":"max-image-preview:large","max-video-preview":"max-video-preview:-1"},"canonical":"https:\/\/camping-les-monts-d-albi.com\/le-camping\/vie-au-camping\/le-snack-bar-et-la-salle-de-jeux\/","og_locale":"nl_NL","og_type":"article","og_title":"Camping 4 \u00e9toiles Les Monts d'Albi - Tarn - Snack-bar & salle de jeux","og_description":"Snack ouvert 7j\/7 l'\u00e9t\u00e9, plats \u00e0 emporter midi et soirs. Boissons, glaces disponibles au bar. Salle de jeux avec billard, jeux d'acardes\u2026 Animez votre s\u00e9jour !","og_url":"https:\/\/camping-les-monts-d-albi.com\/le-camping\/vie-au-camping\/le-snack-bar-et-la-salle-de-jeux\/","og_site_name":"Camping les Monts d&#039;Albi","article_modified_time":"2022-04-05T08:55:15+00:00","twitter_card":"summary_large_image","twitter_misc":{"Geschatte leestijd":"5 minuten"},"schema":{"@context":"https:\/\/schema.org","@graph":[{"@type":"WebPage","@id":"https:\/\/camping-les-monts-d-albi.com\/le-camping\/vie-au-camping\/le-snack-bar-et-la-salle-de-jeux\/","url":"https:\/\/camping-les-monts-d-albi.com\/le-camping\/vie-au-camping\/le-snack-bar-et-la-salle-de-jeux\/","name":"Camping 4 \u00e9toiles Les Monts d'Albi - Tarn - Snack-bar & salle de jeux","isPartOf":{"@id":"https:\/\/camping-les-monts-d-albi.com\/#website"},"datePublished":"2020-07-09T09:28:53+00:00","dateModified":"2022-04-05T08:55:15+00:00","description":"Snack ouvert 7j\/7 l'\u00e9t\u00e9, plats \u00e0 emporter midi et soirs. Boissons, glaces disponibles au bar. Salle de jeux avec billard, jeux d'acardes\u2026 Animez votre s\u00e9jour !","breadcrumb":{"@id":"https:\/\/camping-les-monts-d-albi.com\/le-camping\/vie-au-camping\/le-snack-bar-et-la-salle-de-jeux\/#breadcrumb"},"inLanguage":"nl-NL","potentialAction":[{"@type":"ReadAction","target":["https:\/\/camping-les-monts-d-albi.com\/le-camping\/vie-au-camping\/le-snack-bar-et-la-salle-de-jeux\/"]}]},{"@type":"BreadcrumbList","@id":"https:\/\/camping-les-monts-d-albi.com\/le-camping\/vie-au-camping\/le-snack-bar-et-la-salle-de-jeux\/#breadcrumb","itemListElement":[{"@type":"ListItem","position":1,"name":"Accueil","item":"https:\/\/camping-les-monts-d-albi.com\/"},{"@type":"ListItem","position":2,"name":"De camping","item":"https:\/\/camping-les-monts-d-albi.com\/nl\/de-camping\/"},{"@type":"ListItem","position":3,"name":"Het campingleven","item":"https:\/\/camping-les-monts-d-albi.com\/nl\/de-camping\/het-campingleven\/"},{"@type":"ListItem","position":4,"name":"Snackbar en speelzaal"}]},{"@type":"WebSite","@id":"https:\/\/camping-les-monts-d-albi.com\/#website","url":"https:\/\/camping-les-monts-d-albi.com\/","name":"Camping les Monts d&#039;Albi","description":"La pause nature en famille","potentialAction":[{"@type":"SearchAction","target":{"@type":"EntryPoint","urlTemplate":"https:\/\/camping-les-monts-d-albi.com\/?s={search_term_string}"},"query-input":{"@type":"PropertyValueSpecification","valueRequired":true,"valueName":"search_term_string"}}],"inLanguage":"nl-NL"}]}},"_links":{"self":[{"href":"https:\/\/camping-les-monts-d-albi.com\/nl\/wp-json\/wp\/v2\/pages\/220348","targetHints":{"allow":["GET"]}}],"collection":[{"href":"https:\/\/camping-les-monts-d-albi.com\/nl\/wp-json\/wp\/v2\/pages"}],"about":[{"href":"https:\/\/camping-les-monts-d-albi.com\/nl\/wp-json\/wp\/v2\/types\/page"}],"author":[{"embeddable":true,"href":"https:\/\/camping-les-monts-d-albi.com\/nl\/wp-json\/wp\/v2\/users\/1"}],"replies":[{"embeddable":true,"href":"https:\/\/camping-les-monts-d-albi.com\/nl\/wp-json\/wp\/v2\/comments?post=220348"}],"version-history":[{"count":0,"href":"https:\/\/camping-les-monts-d-albi.com\/nl\/wp-json\/wp\/v2\/pages\/220348\/revisions"}],"up":[{"embeddable":true,"href":"https:\/\/camping-les-monts-d-albi.com\/nl\/wp-json\/wp\/v2\/pages\/220293"}],"wp:attachment":[{"href":"https:\/\/camping-les-monts-d-albi.com\/nl\/wp-json\/wp\/v2\/media?parent=220348"}],"curies":[{"name":"wp","href":"https:\/\/api.w.org\/{rel}","templated":true}]}}