{"id":220293,"date":"2020-07-08T17:01:17","date_gmt":"2020-07-08T15:01:17","guid":{"rendered":"https:\/\/camping-les-monts-d-albi.com\/de-camping\/het-campingleven\/"},"modified":"2020-07-20T16:27:06","modified_gmt":"2020-07-20T14:27:06","slug":"het-campingleven","status":"publish","type":"page","link":"https:\/\/camping-les-monts-d-albi.com\/nl\/de-camping\/het-campingleven\/","title":{"rendered":"Het campingleven"},"content":{"rendered":"<p>[et_pb_section fb_built=&#8221;1&#8243; custom_padding_last_edited=&#8221;on|desktop&#8221; admin_label=&#8221;Header&#8221; _builder_version=&#8221;4.3.2&#8243; background_color=&#8221;#1c8c99&#8243; background_image=&#8221;https:\/\/camping-les-monts-d-albi.com\/wp-content\/uploads\/2020\/02\/sight-seeing-49.png&#8221; background_position=&#8221;bottom_center&#8221; custom_padding=&#8221;||132px|||&#8221; custom_padding_tablet=&#8221;0px||5vw&#8221; custom_padding_phone=&#8221;&#8221; box_shadow_vertical_tablet=&#8221;&#8221; box_shadow_vertical_phone=&#8221;&#8221; box_shadow_vertical_last_edited=&#8221;on|tablet&#8221; locked=&#8221;off&#8221;][et_pb_row _builder_version=&#8221;3.25&#8243; module_alignment=&#8221;center&#8221; locked=&#8221;off&#8221;][et_pb_column type=&#8221;4_4&#8243; _builder_version=&#8221;3.25&#8243; custom_padding=&#8221;|||&#8221; custom_padding__hover=&#8221;|||&#8221;][et_pb_text _builder_version=&#8221;4.3.2&#8243; text_font=&#8221;Lato||||||||&#8221; text_font_size=&#8221;22px&#8221; text_line_height=&#8221;1.8em&#8221; header_font=&#8221;Caveat brush|700|||||||&#8221; header_font_size=&#8221;55px&#8221; header_letter_spacing=&#8221;1px&#8221; header_line_height=&#8221;1.2em&#8221; background_layout=&#8221;dark&#8221; custom_margin=&#8221;||17px|||&#8221; text_font_size_tablet=&#8221;&#8221; text_font_size_phone=&#8221;18px&#8221; text_font_size_last_edited=&#8221;on|phone&#8221; header_font_size_tablet=&#8221;40px&#8221; header_font_size_phone=&#8221;30px&#8221; header_font_size_last_edited=&#8221;on|phone&#8221;]<\/p>\n<h1 class=\"page-title entry-title\">Het campingleven<\/h1>\n<p>[\/et_pb_text][et_pb_divider color=&#8221;#ffffff&#8221; divider_weight=&#8221;5px&#8221; _builder_version=&#8221;4.3.2&#8243; max_width=&#8221;100px&#8221; locked=&#8221;off&#8221;][\/et_pb_divider][\/et_pb_column][\/et_pb_row][\/et_pb_section][et_pb_section fb_built=&#8221;1&#8243; admin_label=&#8221;Events&#8221; _builder_version=&#8221;3.24&#8243; custom_padding=&#8221;37px|||||&#8221;][et_pb_row column_structure=&#8221;1_3,1_3,1_3&#8243; _builder_version=&#8221;3.25&#8243; custom_padding=&#8221;3px|||||&#8221;][et_pb_column type=&#8221;1_3&#8243; _builder_version=&#8221;3.25&#8243; custom_padding=&#8221;|||&#8221; custom_padding__hover=&#8221;|||&#8221;][et_pb_image src=&#8221;https:\/\/camping-les-monts-d-albi.com\/wp-content\/uploads\/2020\/02\/piscine-vie-au-camping-teillet-albi.jpg&#8221; url=&#8221;\/?page_id=36&#8243; _builder_version=&#8221;4.3.2&#8243;][\/et_pb_image][et_pb_text _builder_version=&#8221;4.3.2&#8243; text_font=&#8221;Poppins||||||||&#8221; text_text_color=&#8221;#8c8c8c&#8221; text_font_size=&#8221;13px&#8221; header_3_font=&#8221;Caveat brush|700|||||||&#8221; header_3_text_color=&#8221;#1c8c99&#8243; header_3_font_size=&#8221;30px&#8221; header_3_letter_spacing=&#8221;1px&#8221; header_3_line_height=&#8221;1.4em&#8221; custom_margin=&#8221;||&#8221; custom_margin_tablet=&#8221;||30px&#8221; custom_margin_last_edited=&#8221;off|desktop&#8221;]<\/p>\n<div class=\"et_pb_module et_pb_text et_pb_text_0 et_pb_text_align_left et_pb_bg_layout_dark\">\n<div class=\"et_pb_text_inner\">\n<h3>Het zwembad<\/h3>\n<\/div>\n<\/div>\n<p style=\"text-align: justify;\">Open van begin juni tot midden september ; afmetingen : 18 x 8 m (144 m\u00b2) ; pret voor klein en groot.<\/p>\n<p>[\/et_pb_text][et_pb_button button_url=&#8221;\/nl\/de-camping\/het-campingleven\/het-zwembad\/&#8221; button_text=&#8221;Meer weten&#8221; button_alignment=&#8221;left&#8221; _builder_version=&#8221;4.4.8&#8243; custom_button=&#8221;on&#8221; button_text_size=&#8221;12px&#8221; button_text_color=&#8221;#ffffff&#8221; button_bg_color=&#8221;#1c8c99&#8243; button_border_color=&#8221;rgba(0,0,0,0)&#8221; button_border_radius=&#8221;0px&#8221; button_letter_spacing=&#8221;2px&#8221; button_font=&#8221;Futura bold italic|700||on|||||&#8221; button_icon=&#8221;%%3%%&#8221; custom_margin=&#8221;||||false|false&#8221; custom_padding=&#8221;7px|23px|7px|23px|true|true&#8221; hover_enabled=&#8221;0&#8243; box_shadow_style=&#8221;preset3&#8243; box_shadow_color=&#8221;rgba(0,0,0,0.12)&#8221; locked=&#8221;off&#8221;][\/et_pb_button][\/et_pb_column][et_pb_column type=&#8221;1_3&#8243; _builder_version=&#8221;3.25&#8243; custom_padding=&#8221;|||&#8221; custom_padding__hover=&#8221;|||&#8221;][et_pb_image src=&#8221;https:\/\/camping-les-monts-d-albi.com\/wp-content\/uploads\/2020\/02\/snack-bar-salle-jeux-camping-albi.jpg&#8221; url=&#8221;\/?page_id=38&#8243; _builder_version=&#8221;4.3.2&#8243; locked=&#8221;off&#8221;][\/et_pb_image][et_pb_text _builder_version=&#8221;4.3.2&#8243; text_font=&#8221;Poppins||||||||&#8221; text_text_color=&#8221;#8c8c8c&#8221; text_font_size=&#8221;13px&#8221; header_3_font=&#8221;Caveat brush|700|||||||&#8221; header_3_text_color=&#8221;#1c8c99&#8243; header_3_font_size=&#8221;30px&#8221; header_3_letter_spacing=&#8221;1px&#8221; header_3_line_height=&#8221;1.4em&#8221; custom_margin=&#8221;||&#8221; custom_margin_tablet=&#8221;||30px&#8221; custom_margin_last_edited=&#8221;off|desktop&#8221;]<\/p>\n<div class=\"et_pb_module et_pb_text et_pb_text_0 et_pb_text_align_left et_pb_bg_layout_dark\">\n<div class=\"et_pb_text_inner\">\n<h3>Snackbar en speelzaal<\/h3>\n<\/div>\n<\/div>\n<p style=\"text-align: justify;\">Open in juli en augustus Afhaalservice \u2019s middags en \u2019s avonds.<\/p>\n<p>[\/et_pb_text][et_pb_button button_url=&#8221;\/nl\/de-camping\/het-campingleven\/snackbar-en-speelzaal\/&#8221; button_text=&#8221;Meer weten&#8221; button_alignment=&#8221;left&#8221; _builder_version=&#8221;4.4.8&#8243; custom_button=&#8221;on&#8221; button_text_size=&#8221;12px&#8221; button_text_color=&#8221;#ffffff&#8221; button_bg_color=&#8221;#1c8c99&#8243; button_border_color=&#8221;rgba(0,0,0,0)&#8221; button_border_radius=&#8221;0px&#8221; button_letter_spacing=&#8221;2px&#8221; button_font=&#8221;Futura bold italic|700||on|||||&#8221; button_icon=&#8221;%%3%%&#8221; custom_margin=&#8221;||||false|false&#8221; custom_padding=&#8221;7px|23px|7px|23px|true|true&#8221; hover_enabled=&#8221;0&#8243; box_shadow_style=&#8221;preset3&#8243; box_shadow_color=&#8221;rgba(0,0,0,0.12)&#8221; locked=&#8221;off&#8221;][\/et_pb_button][\/et_pb_column][et_pb_column type=&#8221;1_3&#8243; _builder_version=&#8221;3.25&#8243; custom_padding=&#8221;|||&#8221; custom_padding__hover=&#8221;|||&#8221;][et_pb_image src=&#8221;https:\/\/camping-les-monts-d-albi.com\/wp-content\/uploads\/2020\/02\/accessibilite-services-camping-1.jpg&#8221; url=&#8221;\/?page_id=40&#8243; _builder_version=&#8221;4.3.2&#8243; locked=&#8221;off&#8221;][\/et_pb_image][et_pb_text _builder_version=&#8221;4.3.2&#8243; text_font=&#8221;Poppins||||||||&#8221; text_text_color=&#8221;#8c8c8c&#8221; text_font_size=&#8221;13px&#8221; header_3_font=&#8221;Caveat brush|700|||||||&#8221; header_3_text_color=&#8221;#1c8c99&#8243; header_3_font_size=&#8221;30px&#8221; header_3_letter_spacing=&#8221;1px&#8221; header_3_line_height=&#8221;1.4em&#8221; custom_margin=&#8221;||&#8221; custom_margin_tablet=&#8221;||30px&#8221; custom_margin_last_edited=&#8221;off|desktop&#8221;]<\/p>\n<div class=\"et_pb_module et_pb_text et_pb_text_0 et_pb_text_align_left et_pb_bg_layout_dark\">\n<div class=\"et_pb_text_inner\">\n<h3>Diensten en toegankelijkheid<\/h3>\n<\/div>\n<\/div>\n<p style=\"text-align: justify;\">Gratis WiFi, wasmachine en droogkast met jetons, gratis kinderclub,\u2026<\/p>\n<p>[\/et_pb_text][et_pb_button button_url=&#8221;\/nl\/diensten-en-toegankelijkheid\/&#8221; button_text=&#8221;Meer weten&#8221; button_alignment=&#8221;left&#8221; _builder_version=&#8221;4.4.8&#8243; custom_button=&#8221;on&#8221; button_text_size=&#8221;12px&#8221; button_text_color=&#8221;#ffffff&#8221; button_bg_color=&#8221;#1c8c99&#8243; button_border_color=&#8221;rgba(0,0,0,0)&#8221; button_border_radius=&#8221;0px&#8221; button_letter_spacing=&#8221;2px&#8221; button_font=&#8221;Futura bold italic|700||on|||||&#8221; button_icon=&#8221;%%3%%&#8221; custom_margin=&#8221;||||false|false&#8221; custom_padding=&#8221;7px|23px|7px|23px|true|true&#8221; hover_enabled=&#8221;0&#8243; box_shadow_style=&#8221;preset3&#8243; box_shadow_color=&#8221;rgba(0,0,0,0.12)&#8221; locked=&#8221;off&#8221;][\/et_pb_button][\/et_pb_column][\/et_pb_row][et_pb_row _builder_version=&#8221;4.3.2&#8243; background_color=&#8221;#1c8c99&#8243; custom_margin=&#8221;5%||||false|false&#8221;][et_pb_column type=&#8221;4_4&#8243; _builder_version=&#8221;4.3.2&#8243;][et_pb_text _builder_version=&#8221;4.3.2&#8243; text_font=&#8221;Poppins||||||||&#8221; text_text_color=&#8221;#ffffff&#8221; text_font_size=&#8221;16px&#8221; header_3_font=&#8221;Caveat brush|700|||||||&#8221; header_3_text_color=&#8221;#ffffff&#8221; header_3_font_size=&#8221;30px&#8221; header_3_letter_spacing=&#8221;1px&#8221; header_3_line_height=&#8221;1.4em&#8221; custom_margin=&#8221;||&#8221; custom_margin_tablet=&#8221;||30px&#8221; custom_margin_last_edited=&#8221;off|desktop&#8221;]<\/p>\n<div class=\"et_pb_module et_pb_text et_pb_text_0 et_pb_text_align_left et_pb_bg_layout_dark\">\n<div class=\"et_pb_text_inner\">\n<h3 style=\"text-align: center;\">Plan du camping<\/h3>\n<\/div>\n<\/div>\n<p style=\"text-align: center;\">Emplacements, chalets, bungalows, h\u00e9bergements.<\/p>\n<p>[\/et_pb_text][et_pb_button button_url=&#8221;\/?page_id=43&#8243; button_text=&#8221;je d\u00e9couvre&#8221; button_alignment=&#8221;center&#8221; _builder_version=&#8221;4.3.2&#8243; custom_button=&#8221;on&#8221; button_text_size=&#8221;12px&#8221; button_text_color=&#8221;#ffffff&#8221; button_bg_color=&#8221;#78bd75&#8243; button_border_color=&#8221;rgba(0,0,0,0)&#8221; button_border_radius=&#8221;0px&#8221; button_letter_spacing=&#8221;2px&#8221; button_font=&#8221;Futura bold italic|700||on|||||&#8221; button_icon=&#8221;%%3%%&#8221; custom_margin=&#8221;||||false|false&#8221; custom_padding=&#8221;7px|23px|7px|23px|true|true&#8221; box_shadow_style=&#8221;preset3&#8243; box_shadow_color=&#8221;rgba(0,0,0,0.12)&#8221; locked=&#8221;off&#8221;][\/et_pb_button][\/et_pb_column][\/et_pb_row][\/et_pb_section][et_pb_section fb_built=&#8221;1&#8243; admin_label=&#8221;reservation&#8221; module_class=&#8221;section_reservation&#8221; _builder_version=&#8221;4.3.2&#8243; custom_css_main_element=&#8221;padding-top: 0px !important;||padding-bottom: 0px!important;||height: 0px!important;&#8221; global_module=&#8221;219026&#8243; saved_tabs=&#8221;all&#8221;][et_pb_row _builder_version=&#8221;4.3.2&#8243;][et_pb_column type=&#8221;4_4&#8243; _builder_version=&#8221;4.3.2&#8243;][et_pb_code admin_label=&#8221;shortcode bouton reservation&#8221; _builder_version=&#8221;4.3.2&#8243;]<div id=\"hippocamp-search-widget-container\" data-user-id=\"7210\" data-language=\"auto\" data-jquery=\"3.2.1\"><\/div>[\/et_pb_code][\/et_pb_column][\/et_pb_row][et_pb_row disabled_on=&#8221;off|off|off&#8221; _builder_version=&#8221;4.4.7&#8243;][et_pb_column type=&#8221;4_4&#8243; _builder_version=&#8221;4.3.2&#8243;][et_pb_code admin_label=&#8221;shortcode bouton covid&#8221; _builder_version=&#8221;4.4.8&#8243;]<a id=\"covid_button\" href=\"https:\/\/camping-les-monts-d-albi.com\/nl\/2020\/07\/09\/actions-speciales-covid-19-suite-a-louverture-du-2-juin\/\" rel=\"noopener noreferrer\">covid-19<\/a>[\/et_pb_code][\/et_pb_column][\/et_pb_row][\/et_pb_section]<\/p>\n","protected":false},"excerpt":{"rendered":"<p>Het campingleven Het zwembad Open van begin juni tot midden september ; afmetingen : 18 x 8 m (144 m\u00b2) ; pret voor klein en groot. Snackbar en speelzaal Open in juli en augustus Afhaalservice \u2019s middags en \u2019s avonds. Diensten en toegankelijkheid Gratis WiFi, wasmachine en droogkast met jetons, gratis kinderclub,\u2026 Plan du camping [&hellip;]<\/p>\n","protected":false},"author":1,"featured_media":0,"parent":220255,"menu_order":0,"comment_status":"closed","ping_status":"closed","template":"","meta":{"_et_pb_use_builder":"on","_et_pb_old_content":"","_et_gb_content_width":"","inline_featured_image":false,"footnotes":""},"class_list":["post-220293","page","type-page","status-publish","hentry"],"yoast_head":"<!-- This site is optimized with the Yoast SEO plugin v27.4 - https:\/\/yoast.com\/product\/yoast-seo-wordpress\/ -->\n<title>Camping 4 \u00e9toiles Les Monts d&#039;Albi (Tarn) - Services, piscine, \u00e9quipements<\/title>\n<meta name=\"description\" content=\"D\u00e9couvrez notre camping 4 \u00e9toiles. Des h\u00e9bergements tout confort, des emplacements spacieux (tente et camping-car), piscine, snack-bar et bien d&#039;autres loisirs !\" \/>\n<meta name=\"robots\" content=\"index, follow, max-snippet:-1, max-image-preview:large, max-video-preview:-1\" \/>\n<link rel=\"canonical\" href=\"https:\/\/camping-les-monts-d-albi.com\/nl\/de-camping\/het-campingleven\/\" \/>\n<meta property=\"og:locale\" content=\"nl_NL\" \/>\n<meta property=\"og:type\" content=\"article\" \/>\n<meta property=\"og:title\" content=\"Camping 4 \u00e9toiles Les Monts d&#039;Albi (Tarn) - Services, piscine, \u00e9quipements\" \/>\n<meta property=\"og:description\" content=\"D\u00e9couvrez notre camping 4 \u00e9toiles. Des h\u00e9bergements tout confort, des emplacements spacieux (tente et camping-car), piscine, snack-bar et bien d&#039;autres loisirs !\" \/>\n<meta property=\"og:url\" content=\"https:\/\/camping-les-monts-d-albi.com\/nl\/de-camping\/het-campingleven\/\" \/>\n<meta property=\"og:site_name\" content=\"Camping les Monts d&#039;Albi\" \/>\n<meta property=\"article:modified_time\" content=\"2020-07-20T14:27:06+00:00\" \/>\n<meta name=\"twitter:card\" content=\"summary_large_image\" \/>\n<meta name=\"twitter:label1\" content=\"Geschatte leestijd\" \/>\n\t<meta name=\"twitter:data1\" content=\"5 minuten\" \/>\n<script type=\"application\/ld+json\" class=\"yoast-schema-graph\">{\"@context\":\"https:\\\/\\\/schema.org\",\"@graph\":[{\"@type\":\"WebPage\",\"@id\":\"https:\\\/\\\/camping-les-monts-d-albi.com\\\/nl\\\/de-camping\\\/het-campingleven\\\/\",\"url\":\"https:\\\/\\\/camping-les-monts-d-albi.com\\\/nl\\\/de-camping\\\/het-campingleven\\\/\",\"name\":\"Camping 4 \u00e9toiles Les Monts d'Albi (Tarn) - Services, piscine, \u00e9quipements\",\"isPartOf\":{\"@id\":\"https:\\\/\\\/camping-les-monts-d-albi.com\\\/#website\"},\"datePublished\":\"2020-07-08T15:01:17+00:00\",\"dateModified\":\"2020-07-20T14:27:06+00:00\",\"description\":\"D\u00e9couvrez notre camping 4 \u00e9toiles. Des h\u00e9bergements tout confort, des emplacements spacieux (tente et camping-car), piscine, snack-bar et bien d'autres loisirs !\",\"breadcrumb\":{\"@id\":\"https:\\\/\\\/camping-les-monts-d-albi.com\\\/nl\\\/de-camping\\\/het-campingleven\\\/#breadcrumb\"},\"inLanguage\":\"nl-NL\",\"potentialAction\":[{\"@type\":\"ReadAction\",\"target\":[\"https:\\\/\\\/camping-les-monts-d-albi.com\\\/nl\\\/de-camping\\\/het-campingleven\\\/\"]}]},{\"@type\":\"BreadcrumbList\",\"@id\":\"https:\\\/\\\/camping-les-monts-d-albi.com\\\/nl\\\/de-camping\\\/het-campingleven\\\/#breadcrumb\",\"itemListElement\":[{\"@type\":\"ListItem\",\"position\":1,\"name\":\"Accueil\",\"item\":\"https:\\\/\\\/camping-les-monts-d-albi.com\\\/\"},{\"@type\":\"ListItem\",\"position\":2,\"name\":\"De camping\",\"item\":\"https:\\\/\\\/camping-les-monts-d-albi.com\\\/nl\\\/de-camping\\\/\"},{\"@type\":\"ListItem\",\"position\":3,\"name\":\"Het campingleven\"}]},{\"@type\":\"WebSite\",\"@id\":\"https:\\\/\\\/camping-les-monts-d-albi.com\\\/#website\",\"url\":\"https:\\\/\\\/camping-les-monts-d-albi.com\\\/\",\"name\":\"Camping les Monts d&#039;Albi\",\"description\":\"La pause nature en famille\",\"potentialAction\":[{\"@type\":\"SearchAction\",\"target\":{\"@type\":\"EntryPoint\",\"urlTemplate\":\"https:\\\/\\\/camping-les-monts-d-albi.com\\\/?s={search_term_string}\"},\"query-input\":{\"@type\":\"PropertyValueSpecification\",\"valueRequired\":true,\"valueName\":\"search_term_string\"}}],\"inLanguage\":\"nl-NL\"}]}<\/script>\n<!-- \/ Yoast SEO plugin. -->","yoast_head_json":{"title":"Camping 4 \u00e9toiles Les Monts d'Albi (Tarn) - Services, piscine, \u00e9quipements","description":"D\u00e9couvrez notre camping 4 \u00e9toiles. Des h\u00e9bergements tout confort, des emplacements spacieux (tente et camping-car), piscine, snack-bar et bien d'autres loisirs !","robots":{"index":"index","follow":"follow","max-snippet":"max-snippet:-1","max-image-preview":"max-image-preview:large","max-video-preview":"max-video-preview:-1"},"canonical":"https:\/\/camping-les-monts-d-albi.com\/nl\/de-camping\/het-campingleven\/","og_locale":"nl_NL","og_type":"article","og_title":"Camping 4 \u00e9toiles Les Monts d'Albi (Tarn) - Services, piscine, \u00e9quipements","og_description":"D\u00e9couvrez notre camping 4 \u00e9toiles. Des h\u00e9bergements tout confort, des emplacements spacieux (tente et camping-car), piscine, snack-bar et bien d'autres loisirs !","og_url":"https:\/\/camping-les-monts-d-albi.com\/nl\/de-camping\/het-campingleven\/","og_site_name":"Camping les Monts d&#039;Albi","article_modified_time":"2020-07-20T14:27:06+00:00","twitter_card":"summary_large_image","twitter_misc":{"Geschatte leestijd":"5 minuten"},"schema":{"@context":"https:\/\/schema.org","@graph":[{"@type":"WebPage","@id":"https:\/\/camping-les-monts-d-albi.com\/nl\/de-camping\/het-campingleven\/","url":"https:\/\/camping-les-monts-d-albi.com\/nl\/de-camping\/het-campingleven\/","name":"Camping 4 \u00e9toiles Les Monts d'Albi (Tarn) - Services, piscine, \u00e9quipements","isPartOf":{"@id":"https:\/\/camping-les-monts-d-albi.com\/#website"},"datePublished":"2020-07-08T15:01:17+00:00","dateModified":"2020-07-20T14:27:06+00:00","description":"D\u00e9couvrez notre camping 4 \u00e9toiles. Des h\u00e9bergements tout confort, des emplacements spacieux (tente et camping-car), piscine, snack-bar et bien d'autres loisirs !","breadcrumb":{"@id":"https:\/\/camping-les-monts-d-albi.com\/nl\/de-camping\/het-campingleven\/#breadcrumb"},"inLanguage":"nl-NL","potentialAction":[{"@type":"ReadAction","target":["https:\/\/camping-les-monts-d-albi.com\/nl\/de-camping\/het-campingleven\/"]}]},{"@type":"BreadcrumbList","@id":"https:\/\/camping-les-monts-d-albi.com\/nl\/de-camping\/het-campingleven\/#breadcrumb","itemListElement":[{"@type":"ListItem","position":1,"name":"Accueil","item":"https:\/\/camping-les-monts-d-albi.com\/"},{"@type":"ListItem","position":2,"name":"De camping","item":"https:\/\/camping-les-monts-d-albi.com\/nl\/de-camping\/"},{"@type":"ListItem","position":3,"name":"Het campingleven"}]},{"@type":"WebSite","@id":"https:\/\/camping-les-monts-d-albi.com\/#website","url":"https:\/\/camping-les-monts-d-albi.com\/","name":"Camping les Monts d&#039;Albi","description":"La pause nature en famille","potentialAction":[{"@type":"SearchAction","target":{"@type":"EntryPoint","urlTemplate":"https:\/\/camping-les-monts-d-albi.com\/?s={search_term_string}"},"query-input":{"@type":"PropertyValueSpecification","valueRequired":true,"valueName":"search_term_string"}}],"inLanguage":"nl-NL"}]}},"_links":{"self":[{"href":"https:\/\/camping-les-monts-d-albi.com\/nl\/wp-json\/wp\/v2\/pages\/220293","targetHints":{"allow":["GET"]}}],"collection":[{"href":"https:\/\/camping-les-monts-d-albi.com\/nl\/wp-json\/wp\/v2\/pages"}],"about":[{"href":"https:\/\/camping-les-monts-d-albi.com\/nl\/wp-json\/wp\/v2\/types\/page"}],"author":[{"embeddable":true,"href":"https:\/\/camping-les-monts-d-albi.com\/nl\/wp-json\/wp\/v2\/users\/1"}],"replies":[{"embeddable":true,"href":"https:\/\/camping-les-monts-d-albi.com\/nl\/wp-json\/wp\/v2\/comments?post=220293"}],"version-history":[{"count":0,"href":"https:\/\/camping-les-monts-d-albi.com\/nl\/wp-json\/wp\/v2\/pages\/220293\/revisions"}],"up":[{"embeddable":true,"href":"https:\/\/camping-les-monts-d-albi.com\/nl\/wp-json\/wp\/v2\/pages\/220255"}],"wp:attachment":[{"href":"https:\/\/camping-les-monts-d-albi.com\/nl\/wp-json\/wp\/v2\/media?parent=220293"}],"curies":[{"name":"wp","href":"https:\/\/api.w.org\/{rel}","templated":true}]}}